{"id":2683,"date":"2022-07-07T06:14:18","date_gmt":"2022-07-07T06:14:18","guid":{"rendered":"https:\/\/www.prudenceleasing.com\/?page_id=2683"},"modified":"2022-08-09T04:15:44","modified_gmt":"2022-08-09T04:15:44","slug":"solution-leasing","status":"publish","type":"page","link":"https:\/\/www.prudenceleasing.com\/fr\/solution-leasing\/","title":{"rendered":"Solution leasing"},"content":{"rendered":"<div data-elementor-type=\"wp-page\" data-elementor-id=\"2683\" class=\"elementor elementor-2683\" data-elementor-post-type=\"page\">\n\t\t\t\t\t\t<section class=\"elementor-section elementor-top-section elementor-element elementor-element-6c90855 elementor-section-height-min-height elementor-section-full_width elementor-section-items-stretch elementor-section-stretched wrap-anim  ourSolutionBanner elementor-section-height-default\" data-id=\"6c90855\" data-element_type=\"section\" data-e-type=\"section\" data-settings=\"{&quot;background_background&quot;:&quot;classic&quot;,&quot;stretch_section&quot;:&quot;section-stretched&quot;,&quot;background_motion_fx_translateY_effect&quot;:&quot;yes&quot;,&quot;background_motion_fx_translateY_speed&quot;:{&quot;unit&quot;:&quot;px&quot;,&quot;size&quot;:1.6,&quot;sizes&quot;:[]},&quot;background_motion_fx_motion_fx_mouse&quot;:&quot;yes&quot;,&quot;background_motion_fx_mouseTrack_effect&quot;:&quot;yes&quot;,&quot;background_motion_fx_mouseTrack_speed&quot;:{&quot;unit&quot;:&quot;px&quot;,&quot;size&quot;:0.1,&quot;sizes&quot;:[]},&quot;background_motion_fx_motion_fx_scrolling&quot;:&quot;yes&quot;,&quot;background_motion_fx_translateY_affectedRange&quot;:{&quot;unit&quot;:&quot;%&quot;,&quot;size&quot;:&quot;&quot;,&quot;sizes&quot;:{&quot;start&quot;:0,&quot;end&quot;:100}},&quot;background_motion_fx_devices&quot;:[&quot;desktop&quot;,&quot;tablet&quot;,&quot;mobile&quot;]}\">\n\t\t\t\t\t\t\t<div class=\"elementor-background-overlay\"><\/div>\n\t\t\t\t\t\t\t<div class=\"elementor-container elementor-column-gap-default\">\n\t\t\t\t\t<div class=\"elementor-column elementor-col-50 elementor-top-column elementor-element elementor-element-43d651d ourSolution_bannerLeft\" data-id=\"43d651d\" data-element_type=\"column\" data-e-type=\"column\" data-settings=\"{&quot;background_background&quot;:&quot;classic&quot;}\">\n\t\t\t<div class=\"elementor-widget-wrap elementor-element-populated\">\n\t\t\t\t\t\t<div class=\"elementor-element elementor-element-03c3d2c elementor-widget__width-auto elementor-absolute elementor-widget elementor-widget-image\" data-id=\"03c3d2c\" data-element_type=\"widget\" data-e-type=\"widget\" data-settings=\"{&quot;_position&quot;:&quot;absolute&quot;,&quot;motion_fx_motion_fx_mouse&quot;:&quot;yes&quot;,&quot;motion_fx_mouseTrack_direction&quot;:&quot;negative&quot;,&quot;motion_fx_mouseTrack_effect&quot;:&quot;yes&quot;,&quot;motion_fx_mouseTrack_speed&quot;:{&quot;unit&quot;:&quot;px&quot;,&quot;size&quot;:0.5,&quot;sizes&quot;:[]}}\" data-widget_type=\"image.default\">\n\t\t\t\t<div class=\"elementor-widget-container\">\n\t\t\t\t\t\t\t\t\t\t\t\t\t\t\t<img fetchpriority=\"high\" decoding=\"async\" width=\"205\" height=\"300\" src=\"https:\/\/www.prudenceleasing.com\/wp-content\/uploads\/2022\/06\/herbS-205x300.png\" class=\"attachment-medium size-medium wp-image-2450\" alt=\"\" srcset=\"https:\/\/www.prudenceleasing.com\/wp-content\/uploads\/2022\/06\/herbS-205x300.png 205w, https:\/\/www.prudenceleasing.com\/wp-content\/uploads\/2022\/06\/herbS.png 208w\" sizes=\"(max-width: 205px) 100vw, 205px\" \/>\t\t\t\t\t\t\t\t\t\t\t\t\t\t\t<\/div>\n\t\t\t\t<\/div>\n\t\t\t\t<div class=\"elementor-element elementor-element-aad93d3 elementor-widget__width-auto elementor-absolute elementor-widget elementor-widget-image\" data-id=\"aad93d3\" data-element_type=\"widget\" data-e-type=\"widget\" data-settings=\"{&quot;_position&quot;:&quot;absolute&quot;,&quot;motion_fx_motion_fx_mouse&quot;:&quot;yes&quot;,&quot;motion_fx_mouseTrack_direction&quot;:&quot;negative&quot;,&quot;motion_fx_mouseTrack_effect&quot;:&quot;yes&quot;,&quot;motion_fx_mouseTrack_speed&quot;:{&quot;unit&quot;:&quot;px&quot;,&quot;size&quot;:0.5,&quot;sizes&quot;:[]}}\" data-widget_type=\"image.default\">\n\t\t\t\t<div class=\"elementor-widget-container\">\n\t\t\t\t\t\t\t\t\t\t\t\t\t\t\t<img decoding=\"async\" width=\"261\" height=\"300\" src=\"https:\/\/www.prudenceleasing.com\/wp-content\/uploads\/2022\/06\/rature-261x300.png\" class=\"attachment-medium size-medium wp-image-2495\" alt=\"\" srcset=\"https:\/\/www.prudenceleasing.com\/wp-content\/uploads\/2022\/06\/rature-261x300.png 261w, https:\/\/www.prudenceleasing.com\/wp-content\/uploads\/2022\/06\/rature.png 343w\" sizes=\"(max-width: 261px) 100vw, 261px\" \/>\t\t\t\t\t\t\t\t\t\t\t\t\t\t\t<\/div>\n\t\t\t\t<\/div>\n\t\t\t\t<div class=\"elementor-element elementor-element-bb535b7 elementor-widget__width-auto elementor-absolute elementor-widget elementor-widget-image\" data-id=\"bb535b7\" data-element_type=\"widget\" data-e-type=\"widget\" data-settings=\"{&quot;_position&quot;:&quot;absolute&quot;,&quot;motion_fx_motion_fx_mouse&quot;:&quot;yes&quot;,&quot;motion_fx_mouseTrack_direction&quot;:&quot;negative&quot;,&quot;motion_fx_mouseTrack_effect&quot;:&quot;yes&quot;,&quot;motion_fx_mouseTrack_speed&quot;:{&quot;unit&quot;:&quot;px&quot;,&quot;size&quot;:0.1,&quot;sizes&quot;:[]}}\" data-widget_type=\"image.default\">\n\t\t\t\t<div class=\"elementor-widget-container\">\n\t\t\t\t\t\t\t\t\t\t\t\t\t\t\t<img decoding=\"async\" width=\"300\" height=\"284\" src=\"https:\/\/www.prudenceleasing.com\/wp-content\/uploads\/2022\/06\/corail-300x284.png\" class=\"attachment-medium size-medium wp-image-2494\" alt=\"\" srcset=\"https:\/\/www.prudenceleasing.com\/wp-content\/uploads\/2022\/06\/corail-300x284.png 300w, https:\/\/www.prudenceleasing.com\/wp-content\/uploads\/2022\/06\/corail.png 587w\" sizes=\"(max-width: 300px) 100vw, 300px\" \/>\t\t\t\t\t\t\t\t\t\t\t\t\t\t\t<\/div>\n\t\t\t\t<\/div>\n\t\t\t\t<div class=\"elementor-element elementor-element-77e24e3 elementor-widget__width-auto elementor-absolute elementor-widget elementor-widget-image\" data-id=\"77e24e3\" data-element_type=\"widget\" data-e-type=\"widget\" data-settings=\"{&quot;_position&quot;:&quot;absolute&quot;,&quot;motion_fx_motion_fx_mouse&quot;:&quot;yes&quot;,&quot;motion_fx_mouseTrack_direction&quot;:&quot;negative&quot;,&quot;motion_fx_mouseTrack_effect&quot;:&quot;yes&quot;,&quot;motion_fx_mouseTrack_speed&quot;:{&quot;unit&quot;:&quot;px&quot;,&quot;size&quot;:0.2,&quot;sizes&quot;:[]}}\" data-widget_type=\"image.default\">\n\t\t\t\t<div class=\"elementor-widget-container\">\n\t\t\t\t\t\t\t\t\t\t\t\t\t\t\t<img decoding=\"async\" src=\"https:\/\/www.prudenceleasing.com\/wp-content\/uploads\/2022\/06\/trel.png\" title=\"trel\" alt=\"trel\" loading=\"lazy\" \/>\t\t\t\t\t\t\t\t\t\t\t\t\t\t\t<\/div>\n\t\t\t\t<\/div>\n\t\t\t\t\t<\/div>\n\t\t<\/div>\n\t\t\t\t<div class=\"elementor-column elementor-col-50 elementor-top-column elementor-element elementor-element-108305b   ourSolutionBanner-right\" data-id=\"108305b\" data-element_type=\"column\" data-e-type=\"column\" data-settings=\"{&quot;background_background&quot;:&quot;classic&quot;}\">\n\t\t\t<div class=\"elementor-widget-wrap elementor-element-populated\">\n\t\t\t\t\t\t<div class=\"elementor-element elementor-element-9f97869 elementor-widget__width-initial elementor-absolute elementor-invisible elementor-widget elementor-widget-image\" data-id=\"9f97869\" data-element_type=\"widget\" data-e-type=\"widget\" data-settings=\"{&quot;_position&quot;:&quot;absolute&quot;,&quot;motion_fx_motion_fx_mouse&quot;:&quot;yes&quot;,&quot;motion_fx_tilt_direction&quot;:&quot;negative&quot;,&quot;motion_fx_tilt_effect&quot;:&quot;yes&quot;,&quot;motion_fx_tilt_speed&quot;:{&quot;unit&quot;:&quot;px&quot;,&quot;size&quot;:1,&quot;sizes&quot;:[]},&quot;_animation&quot;:&quot;zoomIn&quot;,&quot;_animation_delay&quot;:50}\" data-widget_type=\"image.default\">\n\t\t\t\t<div class=\"elementor-widget-container\">\n\t\t\t\t\t\t\t\t\t\t\t\t\t\t\t<img decoding=\"async\" src=\"https:\/\/www.prudenceleasing.com\/wp-content\/uploads\/2022\/06\/trait.png\" title=\"\" alt=\"\" loading=\"lazy\" \/>\t\t\t\t\t\t\t\t\t\t\t\t\t\t\t<\/div>\n\t\t\t\t<\/div>\n\t\t\t\t<div class=\"elementor-element elementor-element-f459c5c elementor-widget__width-auto title1 elementor-invisible elementor-widget elementor-widget-heading\" data-id=\"f459c5c\" data-element_type=\"widget\" data-e-type=\"widget\" data-settings=\"{&quot;_animation&quot;:&quot;zoomIn&quot;,&quot;_animation_delay&quot;:50}\" data-widget_type=\"heading.default\">\n\t\t\t\t<div class=\"elementor-widget-container\">\n\t\t\t\t\t<div class=\"elementor-heading-title elementor-size-default\">OUR SOLUTION&nbsp;<\/div>\t\t\t\t<\/div>\n\t\t\t\t<\/div>\n\t\t\t\t<div class=\"elementor-element elementor-element-a63c8d1 elementor-widget__width-auto title2 elementor-invisible elementor-widget elementor-widget-heading\" data-id=\"a63c8d1\" data-element_type=\"widget\" data-e-type=\"widget\" data-settings=\"{&quot;_animation&quot;:&quot;zoomIn&quot;,&quot;_animation_delay&quot;:50}\" data-widget_type=\"heading.default\">\n\t\t\t\t<div class=\"elementor-widget-container\">\n\t\t\t\t\t<div class=\"elementor-heading-title elementor-size-default\">LEASING.<\/div>\t\t\t\t<\/div>\n\t\t\t\t<\/div>\n\t\t\t\t<div class=\"elementor-element elementor-element-10aa721 ourSolution_accordion elementor-widget elementor-widget-accordion\" data-id=\"10aa721\" data-element_type=\"widget\" data-e-type=\"widget\" img-financeleasing=\"https:\/\/www.prudenceleasing.com\/wp-content\/uploads\/2022\/06\/femme-1.png\" img-operatingleasing=\"https:\/\/www.prudenceleasing.com\/wp-content\/uploads\/2022\/07\/LEASING-SUB-2v3.png\" img-salesleaseback=\"https:\/\/www.prudenceleasing.com\/wp-content\/uploads\/2022\/07\/LEASING-SUB-5.png\" data-widget_type=\"accordion.default\">\n\t\t\t\t<div class=\"elementor-widget-container\">\n\t\t\t\t\t\t\t<div class=\"elementor-accordion\">\n\t\t\t\t\t\t\t<div class=\"elementor-accordion-item\">\n\t\t\t\t\t<div id=\"elementor-tab-title-1741\" class=\"elementor-tab-title\" data-tab=\"1\" role=\"button\" aria-controls=\"elementor-tab-content-1741\" aria-expanded=\"false\">\n\t\t\t\t\t\t\t\t\t\t\t\t\t<span class=\"elementor-accordion-icon elementor-accordion-icon-left\" aria-hidden=\"true\">\n\t\t\t\t\t\t\t\t\t\t\t\t\t\t\t<span class=\"elementor-accordion-icon-closed\"><i class=\"fas fa-plus\"><\/i><\/span>\n\t\t\t\t\t\t\t\t<span class=\"elementor-accordion-icon-opened\"><i class=\"fas fa-minus\"><\/i><\/span>\n\t\t\t\t\t\t\t\t\t\t\t\t\t\t<\/span>\n\t\t\t\t\t\t\t\t\t\t\t\t<a class=\"elementor-accordion-title\" tabindex=\"0\">FINANCE LEASE<\/a>\n\t\t\t\t\t<\/div>\n\t\t\t\t\t<div id=\"elementor-tab-content-1741\" class=\"elementor-tab-content elementor-clearfix\" data-tab=\"1\" role=\"region\" aria-labelledby=\"elementor-tab-title-1741\"><p>Vous avez besoin d&#8217;un v\u00e9hicule ou d&#8217;un \u00e9quipement, avancez sans crainte avec notre Finance Lease.<\/p><p>La Prudence Leasing Finance Co. Ltd finance votre acquisition \u00e0 travers un contrat de leasing avec option d\u2019achat. Vous utilisez le bien moyennant un loyer mensuel et, une fois arriv\u00e9 au terme du bail, vous pouvez choisir de devenir propri\u00e9taire du bien pour le montant de sa valeur r\u00e9siduelle (en principe 1 % de la valeur du bien \u00e0 l\u2019achat).<\/p><p>R\u00e9alisez vos objectifs. <a href=\"\/fr\/contacte\/?lang=fr\"><b><span style=\"color: #000000;\">Contactez-nous pour une solution.<\/span><\/b><\/a><\/p><\/div>\n\t\t\t\t<\/div>\n\t\t\t\t\t\t\t<div class=\"elementor-accordion-item\">\n\t\t\t\t\t<div id=\"elementor-tab-title-1742\" class=\"elementor-tab-title\" data-tab=\"2\" role=\"button\" aria-controls=\"elementor-tab-content-1742\" aria-expanded=\"false\">\n\t\t\t\t\t\t\t\t\t\t\t\t\t<span class=\"elementor-accordion-icon elementor-accordion-icon-left\" aria-hidden=\"true\">\n\t\t\t\t\t\t\t\t\t\t\t\t\t\t\t<span class=\"elementor-accordion-icon-closed\"><i class=\"fas fa-plus\"><\/i><\/span>\n\t\t\t\t\t\t\t\t<span class=\"elementor-accordion-icon-opened\"><i class=\"fas fa-minus\"><\/i><\/span>\n\t\t\t\t\t\t\t\t\t\t\t\t\t\t<\/span>\n\t\t\t\t\t\t\t\t\t\t\t\t<a class=\"elementor-accordion-title\" tabindex=\"0\">OPERATING LEASE<\/a>\n\t\t\t\t\t<\/div>\n\t\t\t\t\t<div id=\"elementor-tab-content-1742\" class=\"elementor-tab-content elementor-clearfix\" data-tab=\"2\" role=\"region\" aria-labelledby=\"elementor-tab-title-1742\"><p>Pr\u00e9f\u00e9rez-vous une solution moyennant un loyer mensuel ? Notre Operating Lease est la r\u00e9ponse \u00e0 votre besoin.<\/p><p>Un Operating Lease est un contrat de leasing qui vous permet d\u2019utiliser un \u00e9quipement sans en d\u00e9tenir les droits de propri\u00e9t\u00e9. En \u00e9change, vous payez un loyer mensuel.<\/p><p>L\u2019actif n\u2019est pas comptabilis\u00e9 en tant qu\u2019immobilisation dans vos registres comptables. Il est identifi\u00e9 comme un actif hors bilan. A la fin du contrat, vous pouvez, si vous le souhaitez, signer un nouveau contrat de location ou faire une demande d\u2019acquisition.<\/p><p>Garantissez la r\u00e9ussite de vos ambitions.<\/p><p><a href=\"\/fr\/contacte\/?lang=fr\"><b><span style=\"color: #000000;\">Contactez-nous pour une solution.<\/span><\/b><\/a><\/p><\/div>\n\t\t\t\t<\/div>\n\t\t\t\t\t\t\t<div class=\"elementor-accordion-item\">\n\t\t\t\t\t<div id=\"elementor-tab-title-1743\" class=\"elementor-tab-title\" data-tab=\"3\" role=\"button\" aria-controls=\"elementor-tab-content-1743\" aria-expanded=\"false\">\n\t\t\t\t\t\t\t\t\t\t\t\t\t<span class=\"elementor-accordion-icon elementor-accordion-icon-left\" aria-hidden=\"true\">\n\t\t\t\t\t\t\t\t\t\t\t\t\t\t\t<span class=\"elementor-accordion-icon-closed\"><i class=\"fas fa-plus\"><\/i><\/span>\n\t\t\t\t\t\t\t\t<span class=\"elementor-accordion-icon-opened\"><i class=\"fas fa-minus\"><\/i><\/span>\n\t\t\t\t\t\t\t\t\t\t\t\t\t\t<\/span>\n\t\t\t\t\t\t\t\t\t\t\t\t<a class=\"elementor-accordion-title\" tabindex=\"0\">SALES &amp; LEASE BACK<\/a>\n\t\t\t\t\t<\/div>\n\t\t\t\t\t<div id=\"elementor-tab-content-1743\" class=\"elementor-tab-content elementor-clearfix\" data-tab=\"3\" role=\"region\" aria-labelledby=\"elementor-tab-title-1743\"><p>Besoin de saisir une opportunit\u00e9 ? Notre Sale &amp; Lease Back vous permet de r\u00e9aliser vos projets.<\/p><p>La Prudence Leasing Finance Co. Ltd finance le montant d\u2019un bien que vous ayez d\u00e9j\u00e0 acquis et pay\u00e9. Vous pouvez ainsi obtenir le capital requis pour d\u00e9velopper vos projets personnels ou votre entreprise. En fait, vous \u00ab vendez \u00bb votre bien \u00e0 La Prudence Leasing Finance Co. Ltd; vous en devenez ainsi le locataire pendant la dur\u00e9e du contrat de leasing. \u00c0 la fin du contrat, vous pouvez exercer votre option d\u2019achat et r\u00e9cup\u00e9rer votre bien pour 1 % de sa valeur r\u00e9siduelle.<\/p><p>Maitrisez la situation.<\/p><p><span style=\"color: #000000;\"><a style=\"color: #000000;\" href=\"\/fr\/contact-us\/\"><strong><span style=\"color: #000000;\"><a style=\"color: #000000;\" href=\"\/fr\/contacte\/?lang=fr\"><b>Contactez-nous pour une solution.<\/b><\/a><\/span><\/strong><\/a><\/span><\/p><\/div>\n\t\t\t\t<\/div>\n\t\t\t\t\t\t\t\t<\/div>\n\t\t\t\t\t\t<\/div>\n\t\t\t\t<\/div>\n\t\t\t\t<div class=\"elementor-element elementor-element-03ac914 elementor-invisible elementor-widget elementor-widget-button\" data-id=\"03ac914\" data-element_type=\"widget\" data-e-type=\"widget\" data-settings=\"{&quot;_animation&quot;:&quot;zoomIn&quot;,&quot;_animation_delay&quot;:200}\" data-widget_type=\"button.default\">\n\t\t\t\t<div class=\"elementor-widget-container\">\n\t\t\t\t\t\t\t\t\t<div class=\"elementor-button-wrapper\">\n\t\t\t\t\t<a class=\"elementor-button elementor-button-link elementor-size-sm\" href=\"#\">\n\t\t\t\t\t\t<span class=\"elementor-button-content-wrapper\">\n\t\t\t\t\t\t<span class=\"elementor-button-icon\">\n\t\t\t\t<i aria-hidden=\"true\" class=\"fas fa-calculator\"><\/i>\t\t\t<\/span>\n\t\t\t\t\t\t\t\t\t<span class=\"elementor-button-text\">CALCULATEUR<\/span>\n\t\t\t\t\t<\/span>\n\t\t\t\t\t<\/a>\n\t\t\t\t<\/div>\n\t\t\t\t\t\t\t\t<\/div>\n\t\t\t\t<\/div>\n\t\t\t\t\t<\/div>\n\t\t<\/div>\n\t\t\t\t\t<\/div>\n\t\t<\/section>\n\t\t\t\t<\/div>","protected":false},"excerpt":{"rendered":"<p>OUR SOLUTION&nbsp; LEASING. FINANCE LEASING Vous avez besoin d&#8217;un v\u00e9hicule ou d&#8217;un \u00e9quipement, avancez sans crainte avec notre Finance Lease. La Prudence Leasing Finance Co. Ltd finance votre acquisition \u00e0 travers un contrat de leasing avec option d\u2019achat. Vous utilisez le bien moyennant un loyer mensuel et, une fois arriv\u00e9 au terme du bail, vous [&hellip;]<\/p>","protected":false},"author":1,"featured_media":0,"parent":0,"menu_order":0,"comment_status":"closed","ping_status":"closed","template":"elementor_header_footer","meta":{"footnotes":""},"class_list":["post-2683","page","type-page","status-publish","hentry"],"yoast_head":"<!-- This site is optimized with the Yoast SEO plugin v25.8 - https:\/\/yoast.com\/wordpress\/plugins\/seo\/ -->\n<title>Solution leasing - Prudence Leasing<\/title>\n<meta name=\"robots\" content=\"index, follow, max-snippet:-1, max-image-preview:large, max-video-preview:-1\" \/>\n<link rel=\"canonical\" href=\"https:\/\/www.prudenceleasing.com\/fr\/solution-leasing\/\" \/>\n<meta property=\"og:locale\" content=\"fr_FR\" \/>\n<meta property=\"og:type\" content=\"article\" \/>\n<meta property=\"og:title\" content=\"Solution leasing - Prudence Leasing\" \/>\n<meta property=\"og:description\" content=\"OUR SOLUTION&nbsp; LEASING. FINANCE LEASING Vous avez besoin d&#8217;un v\u00e9hicule ou d&#8217;un \u00e9quipement, avancez sans crainte avec notre Finance Lease. La Prudence Leasing Finance Co. Ltd finance votre acquisition \u00e0 travers un contrat de leasing avec option d\u2019achat. Vous utilisez le bien moyennant un loyer mensuel et, une fois arriv\u00e9 au terme du bail, vous [&hellip;]\" \/>\n<meta property=\"og:url\" content=\"https:\/\/www.prudenceleasing.com\/fr\/solution-leasing\/\" \/>\n<meta property=\"og:site_name\" content=\"Prudence Leasing\" \/>\n<meta property=\"article:modified_time\" content=\"2022-08-09T04:15:44+00:00\" \/>\n<meta property=\"og:image\" content=\"https:\/\/www.prudenceleasing.com\/wp-content\/uploads\/2022\/06\/herbS-205x300.png\" \/>\n<meta name=\"twitter:card\" content=\"summary_large_image\" \/>\n<meta name=\"twitter:label1\" content=\"Dur\u00e9e de lecture estim\u00e9e\" \/>\n\t<meta name=\"twitter:data1\" content=\"3 minutes\" \/>\n<script type=\"application\/ld+json\" class=\"yoast-schema-graph\">{\"@context\":\"https:\/\/schema.org\",\"@graph\":[{\"@type\":\"WebPage\",\"@id\":\"https:\/\/www.prudenceleasing.com\/solution-leasing\/\",\"url\":\"https:\/\/www.prudenceleasing.com\/solution-leasing\/\",\"name\":\"Solution leasing - Prudence Leasing\",\"isPartOf\":{\"@id\":\"https:\/\/www.prudenceleasing.com\/#website\"},\"primaryImageOfPage\":{\"@id\":\"https:\/\/www.prudenceleasing.com\/solution-leasing\/#primaryimage\"},\"image\":{\"@id\":\"https:\/\/www.prudenceleasing.com\/solution-leasing\/#primaryimage\"},\"thumbnailUrl\":\"https:\/\/www.prudenceleasing.com\/wp-content\/uploads\/2022\/06\/herbS-205x300.png\",\"datePublished\":\"2022-07-07T06:14:18+00:00\",\"dateModified\":\"2022-08-09T04:15:44+00:00\",\"breadcrumb\":{\"@id\":\"https:\/\/www.prudenceleasing.com\/solution-leasing\/#breadcrumb\"},\"inLanguage\":\"fr-FR\",\"potentialAction\":[{\"@type\":\"ReadAction\",\"target\":[\"https:\/\/www.prudenceleasing.com\/solution-leasing\/\"]}]},{\"@type\":\"ImageObject\",\"inLanguage\":\"fr-FR\",\"@id\":\"https:\/\/www.prudenceleasing.com\/solution-leasing\/#primaryimage\",\"url\":\"https:\/\/www.prudenceleasing.com\/wp-content\/uploads\/2022\/06\/herbS-205x300.png\",\"contentUrl\":\"https:\/\/www.prudenceleasing.com\/wp-content\/uploads\/2022\/06\/herbS-205x300.png\"},{\"@type\":\"BreadcrumbList\",\"@id\":\"https:\/\/www.prudenceleasing.com\/solution-leasing\/#breadcrumb\",\"itemListElement\":[{\"@type\":\"ListItem\",\"position\":1,\"name\":\"Home\",\"item\":\"https:\/\/www.prudenceleasing.com\/\"},{\"@type\":\"ListItem\",\"position\":2,\"name\":\"Solution leasing\"}]},{\"@type\":\"WebSite\",\"@id\":\"https:\/\/www.prudenceleasing.com\/#website\",\"url\":\"https:\/\/www.prudenceleasing.com\/\",\"name\":\"Prudence Leasing\",\"description\":\"La Prudence Leasing vous propose une solution de location mensuelle, autrement connue comme un Operating Lease!\",\"publisher\":{\"@id\":\"https:\/\/www.prudenceleasing.com\/#organization\"},\"potentialAction\":[{\"@type\":\"SearchAction\",\"target\":{\"@type\":\"EntryPoint\",\"urlTemplate\":\"https:\/\/www.prudenceleasing.com\/?s={search_term_string}\"},\"query-input\":{\"@type\":\"PropertyValueSpecification\",\"valueRequired\":true,\"valueName\":\"search_term_string\"}}],\"inLanguage\":\"fr-FR\"},{\"@type\":\"Organization\",\"@id\":\"https:\/\/www.prudenceleasing.com\/#organization\",\"name\":\"Prudence Leasing\",\"url\":\"https:\/\/www.prudenceleasing.com\/\",\"logo\":{\"@type\":\"ImageObject\",\"inLanguage\":\"fr-FR\",\"@id\":\"https:\/\/www.prudenceleasing.com\/#\/schema\/logo\/image\/\",\"url\":\"https:\/\/www.prudenceleasing.com\/wp-content\/uploads\/2022\/09\/cropped-cropped-LPL-Logo-FINAL.png\",\"contentUrl\":\"https:\/\/www.prudenceleasing.com\/wp-content\/uploads\/2022\/09\/cropped-cropped-LPL-Logo-FINAL.png\",\"width\":1667,\"height\":1180,\"caption\":\"Prudence Leasing\"},\"image\":{\"@id\":\"https:\/\/www.prudenceleasing.com\/#\/schema\/logo\/image\/\"}}]}<\/script>\n<!-- \/ Yoast SEO plugin. -->","yoast_head_json":{"title":"Solution leasing - Prudence Leasing","robots":{"index":"index","follow":"follow","max-snippet":"max-snippet:-1","max-image-preview":"max-image-preview:large","max-video-preview":"max-video-preview:-1"},"canonical":"https:\/\/www.prudenceleasing.com\/fr\/solution-leasing\/","og_locale":"fr_FR","og_type":"article","og_title":"Solution leasing - Prudence Leasing","og_description":"OUR SOLUTION&nbsp; LEASING. FINANCE LEASING Vous avez besoin d&#8217;un v\u00e9hicule ou d&#8217;un \u00e9quipement, avancez sans crainte avec notre Finance Lease. La Prudence Leasing Finance Co. Ltd finance votre acquisition \u00e0 travers un contrat de leasing avec option d\u2019achat. Vous utilisez le bien moyennant un loyer mensuel et, une fois arriv\u00e9 au terme du bail, vous [&hellip;]","og_url":"https:\/\/www.prudenceleasing.com\/fr\/solution-leasing\/","og_site_name":"Prudence Leasing","article_modified_time":"2022-08-09T04:15:44+00:00","og_image":[{"url":"https:\/\/www.prudenceleasing.com\/wp-content\/uploads\/2022\/06\/herbS-205x300.png","type":"","width":"","height":""}],"twitter_card":"summary_large_image","twitter_misc":{"Dur\u00e9e de lecture estim\u00e9e":"3 minutes"},"schema":{"@context":"https:\/\/schema.org","@graph":[{"@type":"WebPage","@id":"https:\/\/www.prudenceleasing.com\/solution-leasing\/","url":"https:\/\/www.prudenceleasing.com\/solution-leasing\/","name":"Solution leasing - Prudence Leasing","isPartOf":{"@id":"https:\/\/www.prudenceleasing.com\/#website"},"primaryImageOfPage":{"@id":"https:\/\/www.prudenceleasing.com\/solution-leasing\/#primaryimage"},"image":{"@id":"https:\/\/www.prudenceleasing.com\/solution-leasing\/#primaryimage"},"thumbnailUrl":"https:\/\/www.prudenceleasing.com\/wp-content\/uploads\/2022\/06\/herbS-205x300.png","datePublished":"2022-07-07T06:14:18+00:00","dateModified":"2022-08-09T04:15:44+00:00","breadcrumb":{"@id":"https:\/\/www.prudenceleasing.com\/solution-leasing\/#breadcrumb"},"inLanguage":"fr-FR","potentialAction":[{"@type":"ReadAction","target":["https:\/\/www.prudenceleasing.com\/solution-leasing\/"]}]},{"@type":"ImageObject","inLanguage":"fr-FR","@id":"https:\/\/www.prudenceleasing.com\/solution-leasing\/#primaryimage","url":"https:\/\/www.prudenceleasing.com\/wp-content\/uploads\/2022\/06\/herbS-205x300.png","contentUrl":"https:\/\/www.prudenceleasing.com\/wp-content\/uploads\/2022\/06\/herbS-205x300.png"},{"@type":"BreadcrumbList","@id":"https:\/\/www.prudenceleasing.com\/solution-leasing\/#breadcrumb","itemListElement":[{"@type":"ListItem","position":1,"name":"Home","item":"https:\/\/www.prudenceleasing.com\/"},{"@type":"ListItem","position":2,"name":"Solution leasing"}]},{"@type":"WebSite","@id":"https:\/\/www.prudenceleasing.com\/#website","url":"https:\/\/www.prudenceleasing.com\/","name":"Prudence Leasing","description":"La Prudence Leasing vous propose une solution de location mensuelle, autrement connue comme un Operating Lease!","publisher":{"@id":"https:\/\/www.prudenceleasing.com\/#organization"},"potentialAction":[{"@type":"SearchAction","target":{"@type":"EntryPoint","urlTemplate":"https:\/\/www.prudenceleasing.com\/?s={search_term_string}"},"query-input":{"@type":"PropertyValueSpecification","valueRequired":true,"valueName":"search_term_string"}}],"inLanguage":"fr-FR"},{"@type":"Organization","@id":"https:\/\/www.prudenceleasing.com\/#organization","name":"Prudence Leasing","url":"https:\/\/www.prudenceleasing.com\/","logo":{"@type":"ImageObject","inLanguage":"fr-FR","@id":"https:\/\/www.prudenceleasing.com\/#\/schema\/logo\/image\/","url":"https:\/\/www.prudenceleasing.com\/wp-content\/uploads\/2022\/09\/cropped-cropped-LPL-Logo-FINAL.png","contentUrl":"https:\/\/www.prudenceleasing.com\/wp-content\/uploads\/2022\/09\/cropped-cropped-LPL-Logo-FINAL.png","width":1667,"height":1180,"caption":"Prudence Leasing"},"image":{"@id":"https:\/\/www.prudenceleasing.com\/#\/schema\/logo\/image\/"}}]}},"_links":{"self":[{"href":"https:\/\/www.prudenceleasing.com\/fr\/wp-json\/wp\/v2\/pages\/2683","targetHints":{"allow":["GET"]}}],"collection":[{"href":"https:\/\/www.prudenceleasing.com\/fr\/wp-json\/wp\/v2\/pages"}],"about":[{"href":"https:\/\/www.prudenceleasing.com\/fr\/wp-json\/wp\/v2\/types\/page"}],"author":[{"embeddable":true,"href":"https:\/\/www.prudenceleasing.com\/fr\/wp-json\/wp\/v2\/users\/1"}],"replies":[{"embeddable":true,"href":"https:\/\/www.prudenceleasing.com\/fr\/wp-json\/wp\/v2\/comments?post=2683"}],"version-history":[{"count":21,"href":"https:\/\/www.prudenceleasing.com\/fr\/wp-json\/wp\/v2\/pages\/2683\/revisions"}],"predecessor-version":[{"id":4699,"href":"https:\/\/www.prudenceleasing.com\/fr\/wp-json\/wp\/v2\/pages\/2683\/revisions\/4699"}],"wp:attachment":[{"href":"https:\/\/www.prudenceleasing.com\/fr\/wp-json\/wp\/v2\/media?parent=2683"}],"curies":[{"name":"wp","href":"https:\/\/api.w.org\/{rel}","templated":true}]}}