{"id":4964,"date":"2022-08-10T09:24:28","date_gmt":"2022-08-10T09:24:28","guid":{"rendered":"https:\/\/www.prudenceleasing.com\/?page_id=4964"},"modified":"2022-09-23T04:40:17","modified_gmt":"2022-09-23T04:40:17","slug":"calculator","status":"publish","type":"page","link":"https:\/\/www.prudenceleasing.com\/fr\/calculator\/","title":{"rendered":"Calculator"},"content":{"rendered":"<div data-elementor-type=\"wp-page\" data-elementor-id=\"4964\" class=\"elementor elementor-4964\" data-elementor-post-type=\"page\">\n\t\t\t\t\t\t<section class=\"elementor-section elementor-top-section elementor-element elementor-element-a8a7563 elementor-section-height-min-height calculator elementor-section-boxed elementor-section-height-default elementor-section-items-middle\" data-id=\"a8a7563\" data-element_type=\"section\" data-e-type=\"section\" data-settings=\"{&quot;background_background&quot;:&quot;classic&quot;}\" residual-purcentage=\"1\">\n\t\t\t\t\t\t<div class=\"elementor-container elementor-column-gap-default\">\n\t\t\t\t\t<div class=\"elementor-column elementor-col-33 elementor-top-column elementor-element elementor-element-b841382 title\" data-id=\"b841382\" data-element_type=\"column\" data-e-type=\"column\">\n\t\t\t<div class=\"elementor-widget-wrap elementor-element-populated\">\n\t\t\t\t\t\t<div class=\"elementor-element elementor-element-3128962 lease elementor-widget elementor-widget-heading\" data-id=\"3128962\" data-element_type=\"widget\" data-e-type=\"widget\" data-widget_type=\"heading.default\">\n\t\t\t\t<div class=\"elementor-widget-container\">\n\t\t\t\t\t<h2 class=\"elementor-heading-title elementor-size-default\">CALCULATRICE DE<\/h2>\t\t\t\t<\/div>\n\t\t\t\t<\/div>\n\t\t\t\t<div class=\"elementor-element elementor-element-794dc7c calcul elementor-widget elementor-widget-heading\" data-id=\"794dc7c\" data-element_type=\"widget\" data-e-type=\"widget\" data-widget_type=\"heading.default\">\n\t\t\t\t<div class=\"elementor-widget-container\">\n\t\t\t\t\t<h2 class=\"elementor-heading-title elementor-size-default\">SIMULATION<\/h2>\t\t\t\t<\/div>\n\t\t\t\t<\/div>\n\t\t\t\t\t<\/div>\n\t\t<\/div>\n\t\t\t\t<div class=\"elementor-column elementor-col-66 elementor-top-column elementor-element elementor-element-1307611 calculator_content\" data-id=\"1307611\" data-element_type=\"column\" data-e-type=\"column\">\n\t\t\t<div class=\"elementor-widget-wrap elementor-element-populated\">\n\t\t\t\t\t\t<div class=\"elementor-element elementor-element-88f1042 elementor-button-align-stretch elementor-widget elementor-widget-form\" data-id=\"88f1042\" data-element_type=\"widget\" data-e-type=\"widget\" data-settings=\"{&quot;button_width&quot;:&quot;20&quot;,&quot;step_next_label&quot;:&quot;Next&quot;,&quot;step_previous_label&quot;:&quot;Previous&quot;,&quot;step_type&quot;:&quot;number_text&quot;,&quot;step_icon_shape&quot;:&quot;circle&quot;}\" data-widget_type=\"form.default\">\n\t\t\t\t<div class=\"elementor-widget-container\">\n\t\t\t\t\t\t\t<form class=\"elementor-form\" method=\"post\" name=\"Form_Input\" aria-label=\"Form_Input\" action=\"\">\n\t\t\t<input type=\"hidden\" name=\"post_id\" value=\"4964\"\/>\n\t\t\t<input type=\"hidden\" name=\"form_id\" value=\"88f1042\"\/>\n\t\t\t<input type=\"hidden\" name=\"referer_title\" value=\"Calculator - Prudence Leasing\" \/>\n\n\t\t\t\t\t\t\t<input type=\"hidden\" name=\"queried_id\" value=\"4964\"\/>\n\t\t\t\n\t\t\t<div class=\"elementor-form-fields-wrapper elementor-labels-above\">\n\t\t\t\t\t\t\t\t<div class=\"elementor-field-type-number elementor-field-group elementor-column elementor-field-group-borrow_price elementor-col-100\">\n\t\t\t\t\t\t\t\t\t\t\t\t<label for=\"form-field-borrow_price\" class=\"elementor-field-label\">\n\t\t\t\t\t\t\t\tValeur du v\u00e9hicule ou \u00e9quipement (Rs 150,000 jusqu'\u00e0 Rs 10,000,000 par pas de Rs 5,000)\t\t\t\t\t\t\t<\/label>\n\t\t\t\t\t\t\t\t\t<input type=\"number\" name=\"form_fields[borrow_price]\" id=\"form-field-borrow_price\" class=\"elementor-field elementor-size-sm  elementor-field-textual\" value=\"150000\" min=\"15000\" max=\"\" >\n\t\t\t\t\t\t<\/div>\n\t\t\t\t\t\t\t\t<div class=\"elementor-field-type-number elementor-field-group elementor-column elementor-field-group-monthly_payment elementor-col-50 elementor-field-required\">\n\t\t\t\t\t\t\t\t\t\t\t\t<label for=\"form-field-monthly_payment\" class=\"elementor-field-label\">\n\t\t\t\t\t\t\t\tDur\u00e9e de remboursement (par pas de 3 mois)\t\t\t\t\t\t\t<\/label>\n\t\t\t\t\t\t\t\t\t<input type=\"number\" name=\"form_fields[monthly_payment]\" id=\"form-field-monthly_payment\" class=\"elementor-field elementor-size-sm  elementor-field-textual\" value=\"3\" required=\"required\" min=\"3\" max=\"\" >\n\t\t\t\t\t\t<\/div>\n\t\t\t\t\t\t\t\t<div class=\"elementor-field-type-number elementor-field-group elementor-column elementor-field-group-deposit elementor-col-50\">\n\t\t\t\t\t\t\t\t\t\t\t\t<label for=\"form-field-deposit\" class=\"elementor-field-label\">\n\t\t\t\t\t\t\t\tD\u00e9p\u00f4t (par \u00e9tape de Rs 5,000)\t\t\t\t\t\t\t<\/label>\n\t\t\t\t\t\t\t\t\t<input type=\"number\" name=\"form_fields[deposit]\" id=\"form-field-deposit\" class=\"elementor-field elementor-size-sm  elementor-field-textual\" value=\"5000\" min=\"0\" max=\"\" >\n\t\t\t\t\t\t<\/div>\n\t\t\t\t\t\t\t\t<div class=\"elementor-field-group elementor-column elementor-field-type-submit elementor-col-20 e-form__buttons\">\n\t\t\t\t\t<button class=\"elementor-button elementor-size-sm\" type=\"submit\" id=\"send_btn\">\n\t\t\t\t\t\t<span class=\"elementor-button-content-wrapper\">\n\t\t\t\t\t\t\t\t\t\t\t\t\t\t\t\t\t\t\t\t\t\t<span class=\"elementor-button-text\">ENVOYER<\/span>\n\t\t\t\t\t\t\t\t\t\t\t\t\t<\/span>\n\t\t\t\t\t<\/button>\n\t\t\t\t<\/div>\n\t\t\t<\/div>\n\t\t<input type=\"hidden\" name=\"trp-form-language\" value=\"fr\"\/><\/form>\n\t\t\t\t\t\t<\/div>\n\t\t\t\t<\/div>\n\t\t\t\t<div class=\"elementor-element elementor-element-ea0734d elementor-button-align-stretch elementor-widget elementor-widget-form\" data-id=\"ea0734d\" data-element_type=\"widget\" data-e-type=\"widget\" data-settings=\"{&quot;step_next_label&quot;:&quot;Next&quot;,&quot;step_previous_label&quot;:&quot;Previous&quot;,&quot;button_width&quot;:&quot;100&quot;,&quot;step_type&quot;:&quot;number_text&quot;,&quot;step_icon_shape&quot;:&quot;circle&quot;}\" data-widget_type=\"form.default\">\n\t\t\t\t<div class=\"elementor-widget-container\">\n\t\t\t\t\t\t\t<form class=\"elementor-form\" method=\"post\" name=\"Form output\" aria-label=\"Form output\" action=\"\">\n\t\t\t<input type=\"hidden\" name=\"post_id\" value=\"4964\"\/>\n\t\t\t<input type=\"hidden\" name=\"form_id\" value=\"ea0734d\"\/>\n\t\t\t<input type=\"hidden\" name=\"referer_title\" value=\"Calculator - Prudence Leasing\" \/>\n\n\t\t\t\t\t\t\t<input type=\"hidden\" name=\"queried_id\" value=\"4964\"\/>\n\t\t\t\n\t\t\t<div class=\"elementor-form-fields-wrapper elementor-labels-above\">\n\t\t\t\t\t\t\t\t<div class=\"elementor-field-type-text elementor-field-group elementor-column elementor-field-group-residualAmount elementor-col-50\">\n\t\t\t\t\t\t\t\t\t\t\t\t<label for=\"form-field-residualAmount\" class=\"elementor-field-label\">\n\t\t\t\t\t\t\t\tMontant r\u00e9siduel\t\t\t\t\t\t\t<\/label>\n\t\t\t\t\t\t\t\t\t\t\t\t\t\t<input size=\"1\" type=\"text\" name=\"form_fields[residualAmount]\" id=\"form-field-residualAmount\" class=\"elementor-field elementor-size-xl  elementor-field-textual\" placeholder=\"0\">\n\t\t\t\t\t\t\t\t\t\t\t<\/div>\n\t\t\t\t\t\t\t\t<div class=\"elementor-field-type-text elementor-field-group elementor-column elementor-field-group-monthlyPayement elementor-col-50 elementor-field-required\">\n\t\t\t\t\t\t\t\t\t\t\t\t<label for=\"form-field-monthlyPayement\" class=\"elementor-field-label\">\n\t\t\t\t\t\t\t\tRemboursement mensuel\t\t\t\t\t\t\t<\/label>\n\t\t\t\t\t\t\t\t\t\t\t\t\t\t<input size=\"1\" type=\"text\" name=\"form_fields[monthlyPayement]\" id=\"form-field-monthlyPayement\" class=\"elementor-field elementor-size-xl  elementor-field-textual\" placeholder=\"0\" required=\"required\">\n\t\t\t\t\t\t\t\t\t\t\t<\/div>\n\t\t\t\t\t\t\t\t<div class=\"elementor-field-group elementor-column elementor-field-type-submit elementor-col-100 e-form__buttons\">\n\t\t\t\t\t<button class=\"elementor-button elementor-size-sm\" type=\"submit\" id=\"send_btn\">\n\t\t\t\t\t\t<span class=\"elementor-button-content-wrapper\">\n\t\t\t\t\t\t\t\t\t\t\t\t\t\t\t\t\t\t\t\t\t\t<span class=\"elementor-button-text\">ENVOYER<\/span>\n\t\t\t\t\t\t\t\t\t\t\t\t\t<\/span>\n\t\t\t\t\t<\/button>\n\t\t\t\t<\/div>\n\t\t\t<\/div>\n\t\t<input type=\"hidden\" name=\"trp-form-language\" value=\"fr\"\/><\/form>\n\t\t\t\t\t\t<\/div>\n\t\t\t\t<\/div>\n\t\t\t\t<div class=\"elementor-element elementor-element-01a3c50 elementor-widget elementor-widget-text-editor\" data-id=\"01a3c50\" data-element_type=\"widget\" data-e-type=\"widget\" data-widget_type=\"text-editor.default\">\n\t\t\t\t<div class=\"elementor-widget-container\">\n\t\t\t\t\t\t\t\t\t<p>Clause de non-responsabilit\u00e9 : Cette calculatrice est con\u00e7ue pour servir uniquement de guide et n\u2019a donc aucune valeur l\u00e9gale. Les calculs et chiffres r\u00e9sultant de la simulation ne constituent pas une demande de leasing ou une offre de financement. Les chiffres et formules de cette calculatrice peuvent \u00eatre sujets \u00e0 changement sans pr\u00e9avis. Cette calculatrice ne tient pas compte de tous frais, droits ou taxes gouvernementales qui seraient applicables. Toute demande de leasing est sujette \u00e0 l\u2019approbation du Comit\u00e9 de Cr\u00e9dit.<\/p><p>Les demandes de cr\u00e9dit-bail sont soumises \u00e0 l'approbation du Comit\u00e9 de cr\u00e9dit.<\/p>\t\t\t\t\t\t\t\t<\/div>\n\t\t\t\t<\/div>\n\t\t\t\t\t<\/div>\n\t\t<\/div>\n\t\t\t\t\t<\/div>\n\t\t<\/section>\n\t\t\t\t<\/div>","protected":false},"excerpt":{"rendered":"<p>LEASE CALCULATOR Disclaimer: This calculator is intended for use as a guide only and has no legal effect. The simulation and its resulting calculations do not constitute a lease application or an offer of finance. The figures and formulae used within this calculator may change at any time without notice. This calculation does not take [&hellip;]<\/p>","protected":false},"author":1,"featured_media":0,"parent":0,"menu_order":0,"comment_status":"closed","ping_status":"closed","template":"elementor_header_footer","meta":{"footnotes":""},"class_list":["post-4964","page","type-page","status-publish","hentry"],"yoast_head":"<!-- This site is optimized with the Yoast SEO plugin v25.8 - https:\/\/yoast.com\/wordpress\/plugins\/seo\/ -->\n<title>Calculator - Prudence Leasing<\/title>\n<meta name=\"robots\" content=\"index, follow, max-snippet:-1, max-image-preview:large, max-video-preview:-1\" \/>\n<link rel=\"canonical\" href=\"https:\/\/www.prudenceleasing.com\/fr\/calculator\/\" \/>\n<meta property=\"og:locale\" content=\"fr_FR\" \/>\n<meta property=\"og:type\" content=\"article\" \/>\n<meta property=\"og:title\" content=\"Calculator - Prudence Leasing\" \/>\n<meta property=\"og:description\" content=\"LEASE CALCULATOR Disclaimer: This calculator is intended for use as a guide only and has no legal effect. The simulation and its resulting calculations do not constitute a lease application or an offer of finance. The figures and formulae used within this calculator may change at any time without notice. This calculation does not take [&hellip;]\" \/>\n<meta property=\"og:url\" content=\"https:\/\/www.prudenceleasing.com\/fr\/calculator\/\" \/>\n<meta property=\"og:site_name\" content=\"Prudence Leasing\" \/>\n<meta property=\"article:modified_time\" content=\"2022-09-23T04:40:17+00:00\" \/>\n<meta name=\"twitter:card\" content=\"summary_large_image\" \/>\n<meta name=\"twitter:label1\" content=\"Dur\u00e9e de lecture estim\u00e9e\" \/>\n\t<meta name=\"twitter:data1\" content=\"1 minute\" \/>\n<script type=\"application\/ld+json\" class=\"yoast-schema-graph\">{\"@context\":\"https:\/\/schema.org\",\"@graph\":[{\"@type\":\"WebPage\",\"@id\":\"https:\/\/www.prudenceleasing.com\/calculator\/\",\"url\":\"https:\/\/www.prudenceleasing.com\/calculator\/\",\"name\":\"Calculator - Prudence Leasing\",\"isPartOf\":{\"@id\":\"https:\/\/www.prudenceleasing.com\/#website\"},\"datePublished\":\"2022-08-10T09:24:28+00:00\",\"dateModified\":\"2022-09-23T04:40:17+00:00\",\"breadcrumb\":{\"@id\":\"https:\/\/www.prudenceleasing.com\/calculator\/#breadcrumb\"},\"inLanguage\":\"fr-FR\",\"potentialAction\":[{\"@type\":\"ReadAction\",\"target\":[\"https:\/\/www.prudenceleasing.com\/calculator\/\"]}]},{\"@type\":\"BreadcrumbList\",\"@id\":\"https:\/\/www.prudenceleasing.com\/calculator\/#breadcrumb\",\"itemListElement\":[{\"@type\":\"ListItem\",\"position\":1,\"name\":\"Home\",\"item\":\"https:\/\/www.prudenceleasing.com\/\"},{\"@type\":\"ListItem\",\"position\":2,\"name\":\"Calculator\"}]},{\"@type\":\"WebSite\",\"@id\":\"https:\/\/www.prudenceleasing.com\/#website\",\"url\":\"https:\/\/www.prudenceleasing.com\/\",\"name\":\"Prudence Leasing\",\"description\":\"La Prudence Leasing vous propose une solution de location mensuelle, autrement connue comme un Operating Lease!\",\"publisher\":{\"@id\":\"https:\/\/www.prudenceleasing.com\/#organization\"},\"potentialAction\":[{\"@type\":\"SearchAction\",\"target\":{\"@type\":\"EntryPoint\",\"urlTemplate\":\"https:\/\/www.prudenceleasing.com\/?s={search_term_string}\"},\"query-input\":{\"@type\":\"PropertyValueSpecification\",\"valueRequired\":true,\"valueName\":\"search_term_string\"}}],\"inLanguage\":\"fr-FR\"},{\"@type\":\"Organization\",\"@id\":\"https:\/\/www.prudenceleasing.com\/#organization\",\"name\":\"Prudence Leasing\",\"url\":\"https:\/\/www.prudenceleasing.com\/\",\"logo\":{\"@type\":\"ImageObject\",\"inLanguage\":\"fr-FR\",\"@id\":\"https:\/\/www.prudenceleasing.com\/#\/schema\/logo\/image\/\",\"url\":\"https:\/\/www.prudenceleasing.com\/wp-content\/uploads\/2022\/09\/cropped-cropped-LPL-Logo-FINAL.png\",\"contentUrl\":\"https:\/\/www.prudenceleasing.com\/wp-content\/uploads\/2022\/09\/cropped-cropped-LPL-Logo-FINAL.png\",\"width\":1667,\"height\":1180,\"caption\":\"Prudence Leasing\"},\"image\":{\"@id\":\"https:\/\/www.prudenceleasing.com\/#\/schema\/logo\/image\/\"}}]}<\/script>\n<!-- \/ Yoast SEO plugin. -->","yoast_head_json":{"title":"Calculator - Prudence Leasing","robots":{"index":"index","follow":"follow","max-snippet":"max-snippet:-1","max-image-preview":"max-image-preview:large","max-video-preview":"max-video-preview:-1"},"canonical":"https:\/\/www.prudenceleasing.com\/fr\/calculator\/","og_locale":"fr_FR","og_type":"article","og_title":"Calculator - Prudence Leasing","og_description":"LEASE CALCULATOR Disclaimer: This calculator is intended for use as a guide only and has no legal effect. The simulation and its resulting calculations do not constitute a lease application or an offer of finance. The figures and formulae used within this calculator may change at any time without notice. This calculation does not take [&hellip;]","og_url":"https:\/\/www.prudenceleasing.com\/fr\/calculator\/","og_site_name":"Prudence Leasing","article_modified_time":"2022-09-23T04:40:17+00:00","twitter_card":"summary_large_image","twitter_misc":{"Dur\u00e9e de lecture estim\u00e9e":"1 minute"},"schema":{"@context":"https:\/\/schema.org","@graph":[{"@type":"WebPage","@id":"https:\/\/www.prudenceleasing.com\/calculator\/","url":"https:\/\/www.prudenceleasing.com\/calculator\/","name":"Calculator - Prudence Leasing","isPartOf":{"@id":"https:\/\/www.prudenceleasing.com\/#website"},"datePublished":"2022-08-10T09:24:28+00:00","dateModified":"2022-09-23T04:40:17+00:00","breadcrumb":{"@id":"https:\/\/www.prudenceleasing.com\/calculator\/#breadcrumb"},"inLanguage":"fr-FR","potentialAction":[{"@type":"ReadAction","target":["https:\/\/www.prudenceleasing.com\/calculator\/"]}]},{"@type":"BreadcrumbList","@id":"https:\/\/www.prudenceleasing.com\/calculator\/#breadcrumb","itemListElement":[{"@type":"ListItem","position":1,"name":"Home","item":"https:\/\/www.prudenceleasing.com\/"},{"@type":"ListItem","position":2,"name":"Calculator"}]},{"@type":"WebSite","@id":"https:\/\/www.prudenceleasing.com\/#website","url":"https:\/\/www.prudenceleasing.com\/","name":"Prudence Leasing","description":"La Prudence Leasing vous propose une solution de location mensuelle, autrement connue comme un Operating Lease!","publisher":{"@id":"https:\/\/www.prudenceleasing.com\/#organization"},"potentialAction":[{"@type":"SearchAction","target":{"@type":"EntryPoint","urlTemplate":"https:\/\/www.prudenceleasing.com\/?s={search_term_string}"},"query-input":{"@type":"PropertyValueSpecification","valueRequired":true,"valueName":"search_term_string"}}],"inLanguage":"fr-FR"},{"@type":"Organization","@id":"https:\/\/www.prudenceleasing.com\/#organization","name":"Prudence Leasing","url":"https:\/\/www.prudenceleasing.com\/","logo":{"@type":"ImageObject","inLanguage":"fr-FR","@id":"https:\/\/www.prudenceleasing.com\/#\/schema\/logo\/image\/","url":"https:\/\/www.prudenceleasing.com\/wp-content\/uploads\/2022\/09\/cropped-cropped-LPL-Logo-FINAL.png","contentUrl":"https:\/\/www.prudenceleasing.com\/wp-content\/uploads\/2022\/09\/cropped-cropped-LPL-Logo-FINAL.png","width":1667,"height":1180,"caption":"Prudence Leasing"},"image":{"@id":"https:\/\/www.prudenceleasing.com\/#\/schema\/logo\/image\/"}}]}},"_links":{"self":[{"href":"https:\/\/www.prudenceleasing.com\/fr\/wp-json\/wp\/v2\/pages\/4964","targetHints":{"allow":["GET"]}}],"collection":[{"href":"https:\/\/www.prudenceleasing.com\/fr\/wp-json\/wp\/v2\/pages"}],"about":[{"href":"https:\/\/www.prudenceleasing.com\/fr\/wp-json\/wp\/v2\/types\/page"}],"author":[{"embeddable":true,"href":"https:\/\/www.prudenceleasing.com\/fr\/wp-json\/wp\/v2\/users\/1"}],"replies":[{"embeddable":true,"href":"https:\/\/www.prudenceleasing.com\/fr\/wp-json\/wp\/v2\/comments?post=4964"}],"version-history":[{"count":200,"href":"https:\/\/www.prudenceleasing.com\/fr\/wp-json\/wp\/v2\/pages\/4964\/revisions"}],"predecessor-version":[{"id":8597,"href":"https:\/\/www.prudenceleasing.com\/fr\/wp-json\/wp\/v2\/pages\/4964\/revisions\/8597"}],"wp:attachment":[{"href":"https:\/\/www.prudenceleasing.com\/fr\/wp-json\/wp\/v2\/media?parent=4964"}],"curies":[{"name":"wp","href":"https:\/\/api.w.org\/{rel}","templated":true}]}}