{"id":54,"date":"2022-09-05T07:20:33","date_gmt":"2022-09-05T07:20:33","guid":{"rendered":"https:\/\/www.prudenceleasing.com\/?page_id=54"},"modified":"2026-04-08T06:59:00","modified_gmt":"2026-04-08T02:59:00","slug":"team","status":"publish","type":"page","link":"https:\/\/www.prudenceleasing.com\/fr\/team\/","title":{"rendered":"\u00c9QUIPE"},"content":{"rendered":"<div data-elementor-type=\"wp-page\" data-elementor-id=\"54\" class=\"elementor elementor-54\" data-elementor-post-type=\"page\">\n\t\t\t\t\t\t<section class=\"elementor-section elementor-top-section elementor-element elementor-element-9389bdf elementor-section-height-min-height elementor-section-full_width elementor-section-items-stretch elementor-section-stretched wrap-anim banner elementor-section-height-default\" data-id=\"9389bdf\" data-element_type=\"section\" data-e-type=\"section\" data-settings=\"{&quot;background_background&quot;:&quot;classic&quot;,&quot;stretch_section&quot;:&quot;section-stretched&quot;,&quot;background_motion_fx_translateY_effect&quot;:&quot;yes&quot;,&quot;background_motion_fx_translateY_speed&quot;:{&quot;unit&quot;:&quot;px&quot;,&quot;size&quot;:1.6,&quot;sizes&quot;:[]},&quot;background_motion_fx_motion_fx_mouse&quot;:&quot;yes&quot;,&quot;background_motion_fx_mouseTrack_effect&quot;:&quot;yes&quot;,&quot;background_motion_fx_mouseTrack_speed&quot;:{&quot;unit&quot;:&quot;px&quot;,&quot;size&quot;:0.1,&quot;sizes&quot;:[]},&quot;background_motion_fx_motion_fx_scrolling&quot;:&quot;yes&quot;,&quot;background_motion_fx_translateY_affectedRange&quot;:{&quot;unit&quot;:&quot;%&quot;,&quot;size&quot;:&quot;&quot;,&quot;sizes&quot;:{&quot;start&quot;:0,&quot;end&quot;:100}},&quot;background_motion_fx_devices&quot;:[&quot;desktop&quot;,&quot;tablet&quot;,&quot;mobile&quot;]}\">\n\t\t\t\t\t\t<div class=\"elementor-container elementor-column-gap-default\">\n\t\t\t\t\t<div class=\"elementor-column elementor-col-50 elementor-top-column elementor-element elementor-element-56d523b banner_leftSection\" data-id=\"56d523b\" data-element_type=\"column\" data-e-type=\"column\">\n\t\t\t<div class=\"elementor-widget-wrap elementor-element-populated\">\n\t\t\t\t\t\t<div class=\"elementor-element elementor-element-a00ecec elementor-widget__width-auto elementor-absolute elementor-widget elementor-widget-image\" data-id=\"a00ecec\" data-element_type=\"widget\" data-e-type=\"widget\" data-settings=\"{&quot;_position&quot;:&quot;absolute&quot;,&quot;motion_fx_motion_fx_mouse&quot;:&quot;yes&quot;,&quot;motion_fx_mouseTrack_direction&quot;:&quot;negative&quot;,&quot;motion_fx_mouseTrack_effect&quot;:&quot;yes&quot;,&quot;motion_fx_mouseTrack_speed&quot;:{&quot;unit&quot;:&quot;px&quot;,&quot;size&quot;:0.5,&quot;sizes&quot;:[]}}\" data-widget_type=\"image.default\">\n\t\t\t\t<div class=\"elementor-widget-container\">\n\t\t\t\t\t\t\t\t\t\t\t\t\t\t\t<img decoding=\"async\" width=\"171\" height=\"264\" src=\"https:\/\/www.prudenceleasing.com\/wp-content\/uploads\/2022\/06\/point.png\" class=\"attachment-medium size-medium wp-image-1352\" alt=\"\" \/>\t\t\t\t\t\t\t\t\t\t\t\t\t\t\t<\/div>\n\t\t\t\t<\/div>\n\t\t\t\t<div class=\"elementor-element elementor-element-85f95ae elementor-widget__width-auto elementor-absolute elementor-widget elementor-widget-image\" data-id=\"85f95ae\" data-element_type=\"widget\" data-e-type=\"widget\" data-settings=\"{&quot;_position&quot;:&quot;absolute&quot;,&quot;motion_fx_motion_fx_mouse&quot;:&quot;yes&quot;,&quot;motion_fx_mouseTrack_direction&quot;:&quot;negative&quot;,&quot;motion_fx_mouseTrack_effect&quot;:&quot;yes&quot;,&quot;motion_fx_mouseTrack_speed&quot;:{&quot;unit&quot;:&quot;px&quot;,&quot;size&quot;:0.1,&quot;sizes&quot;:[]}}\" data-widget_type=\"image.default\">\n\t\t\t\t<div class=\"elementor-widget-container\">\n\t\t\t\t\t\t\t\t\t\t\t\t\t\t\t<img fetchpriority=\"high\" decoding=\"async\" width=\"272\" height=\"300\" src=\"https:\/\/www.prudenceleasing.com\/wp-content\/uploads\/2022\/06\/imagF-272x300.png\" class=\"attachment-medium size-medium wp-image-428\" alt=\"\" srcset=\"https:\/\/www.prudenceleasing.com\/wp-content\/uploads\/2022\/06\/imagF-272x300.png 272w, https:\/\/www.prudenceleasing.com\/wp-content\/uploads\/2022\/06\/imagF-768x848.png 768w, https:\/\/www.prudenceleasing.com\/wp-content\/uploads\/2022\/06\/imagF.png 860w\" sizes=\"(max-width: 272px) 100vw, 272px\" \/>\t\t\t\t\t\t\t\t\t\t\t\t\t\t\t<\/div>\n\t\t\t\t<\/div>\n\t\t\t\t<div class=\"elementor-element elementor-element-4d15aed elementor-widget__width-auto elementor-absolute banner_samllRaketa elementor-widget elementor-widget-image\" data-id=\"4d15aed\" data-element_type=\"widget\" data-e-type=\"widget\" data-settings=\"{&quot;_position&quot;:&quot;absolute&quot;,&quot;motion_fx_motion_fx_mouse&quot;:&quot;yes&quot;,&quot;motion_fx_mouseTrack_direction&quot;:&quot;negative&quot;,&quot;motion_fx_mouseTrack_effect&quot;:&quot;yes&quot;,&quot;motion_fx_mouseTrack_speed&quot;:{&quot;unit&quot;:&quot;px&quot;,&quot;size&quot;:0.2,&quot;sizes&quot;:[]}}\" data-widget_type=\"image.default\">\n\t\t\t\t<div class=\"elementor-widget-container\">\n\t\t\t\t\t\t\t\t\t\t\t\t\t\t\t<img decoding=\"async\" src=\"https:\/\/www.prudenceleasing.com\/wp-content\/uploads\/2022\/06\/herb-1.png\" title=\"herb\" alt=\"herb\" loading=\"lazy\" \/>\t\t\t\t\t\t\t\t\t\t\t\t\t\t\t<\/div>\n\t\t\t\t<\/div>\n\t\t\t\t<div class=\"elementor-element elementor-element-211755d elementor-widget__width-auto elementor-absolute banner_bigRaketa elementor-widget elementor-widget-image\" data-id=\"211755d\" data-element_type=\"widget\" data-e-type=\"widget\" data-settings=\"{&quot;_position&quot;:&quot;absolute&quot;,&quot;motion_fx_motion_fx_mouse&quot;:&quot;yes&quot;,&quot;motion_fx_mouseTrack_direction&quot;:&quot;negative&quot;,&quot;motion_fx_mouseTrack_effect&quot;:&quot;yes&quot;,&quot;motion_fx_mouseTrack_speed&quot;:{&quot;unit&quot;:&quot;px&quot;,&quot;size&quot;:0.2,&quot;sizes&quot;:[]}}\" data-widget_type=\"image.default\">\n\t\t\t\t<div class=\"elementor-widget-container\">\n\t\t\t\t\t\t\t\t\t\t\t\t\t\t\t<img decoding=\"async\" src=\"https:\/\/www.prudenceleasing.com\/wp-content\/uploads\/2022\/06\/trel.png\" title=\"trel\" alt=\"trel\" loading=\"lazy\" \/>\t\t\t\t\t\t\t\t\t\t\t\t\t\t\t<\/div>\n\t\t\t\t<\/div>\n\t\t\t\t<div class=\"elementor-element elementor-element-05d548d elementor-widget__width-auto elementor-absolute banner_mouse elementor-widget elementor-widget-image\" data-id=\"05d548d\" data-element_type=\"widget\" data-e-type=\"widget\" data-settings=\"{&quot;_position&quot;:&quot;absolute&quot;}\" data-widget_type=\"image.default\">\n\t\t\t\t<div class=\"elementor-widget-container\">\n\t\t\t\t\t\t\t\t\t\t\t\t\t\t\t\t<a href=\"#next-section\">\n\t\t\t\t\t\t\t<img decoding=\"async\" width=\"33\" height=\"75\" src=\"https:\/\/www.prudenceleasing.com\/wp-content\/uploads\/2022\/06\/souris.png\" class=\"elementor-animation-pulse attachment-thumbnail size-thumbnail wp-image-718\" alt=\"\" \/>\t\t\t\t\t\t\t\t<\/a>\n\t\t\t\t\t\t\t\t\t\t\t\t\t\t\t<\/div>\n\t\t\t\t<\/div>\n\t\t\t\t\t<\/div>\n\t\t<\/div>\n\t\t\t\t<div class=\"elementor-column elementor-col-50 elementor-top-column elementor-element elementor-element-3043fe2 banner_rightSection\" data-id=\"3043fe2\" data-element_type=\"column\" data-e-type=\"column\" data-settings=\"{&quot;background_background&quot;:&quot;classic&quot;}\">\n\t\t\t<div class=\"elementor-widget-wrap elementor-element-populated\">\n\t\t\t\t\t\t<div class=\"elementor-element elementor-element-3c79a81 elementor-widget__width-auto elementor-absolute banner_sapin elementor-widget elementor-widget-image\" data-id=\"3c79a81\" data-element_type=\"widget\" data-e-type=\"widget\" data-settings=\"{&quot;_position&quot;:&quot;absolute&quot;,&quot;motion_fx_motion_fx_mouse&quot;:&quot;yes&quot;,&quot;motion_fx_mouseTrack_direction&quot;:&quot;negative&quot;,&quot;motion_fx_mouseTrack_effect&quot;:&quot;yes&quot;,&quot;motion_fx_mouseTrack_speed&quot;:{&quot;unit&quot;:&quot;px&quot;,&quot;size&quot;:0.1,&quot;sizes&quot;:[]}}\" data-widget_type=\"image.default\">\n\t\t\t\t<div class=\"elementor-widget-container\">\n\t\t\t\t\t\t\t\t\t\t\t\t\t\t\t<img decoding=\"async\" src=\"https:\/\/www.prudenceleasing.com\/wp-content\/uploads\/elementor\/thumbs\/montagn-ps1p9gkq3srx8a720l2pt6u7qo65bebi7pxwrsajds.png\" title=\"montagn\" alt=\"montagn\" loading=\"lazy\" \/>\t\t\t\t\t\t\t\t\t\t\t\t\t\t\t<\/div>\n\t\t\t\t<\/div>\n\t\t\t\t<div class=\"elementor-element elementor-element-378e1a7 elementor-widget__width-auto elementor-absolute banner_personIcon elementor-widget elementor-widget-image\" data-id=\"378e1a7\" data-element_type=\"widget\" data-e-type=\"widget\" data-settings=\"{&quot;_position&quot;:&quot;absolute&quot;,&quot;motion_fx_motion_fx_mouse&quot;:&quot;yes&quot;,&quot;motion_fx_mouseTrack_direction&quot;:&quot;negative&quot;,&quot;motion_fx_mouseTrack_effect&quot;:&quot;yes&quot;,&quot;motion_fx_mouseTrack_speed&quot;:{&quot;unit&quot;:&quot;px&quot;,&quot;size&quot;:0.1,&quot;sizes&quot;:[]}}\" data-widget_type=\"image.default\">\n\t\t\t\t<div class=\"elementor-widget-container\">\n\t\t\t\t\t\t\t\t\t\t\t\t\t\t\t<img decoding=\"async\" src=\"https:\/\/www.prudenceleasing.com\/wp-content\/uploads\/elementor\/thumbs\/home-ps1p9gknoyswr36cnrjo482vncrfw6gxb2jdt2gvpc.png\" title=\"home\" alt=\"home\" loading=\"lazy\" \/>\t\t\t\t\t\t\t\t\t\t\t\t\t\t\t<\/div>\n\t\t\t\t<\/div>\n\t\t\t\t\t<\/div>\n\t\t<\/div>\n\t\t\t\t\t<\/div>\n\t\t<\/section>\n\t\t\t\t<section class=\"elementor-section elementor-top-section elementor-element elementor-element-b61eac8 team_all elementor-section-boxed elementor-section-height-default elementor-section-height-default\" data-id=\"b61eac8\" data-element_type=\"section\" data-e-type=\"section\" id=\"next-section\" data-settings=\"{&quot;background_background&quot;:&quot;classic&quot;}\">\n\t\t\t\t\t\t<div class=\"elementor-container elementor-column-gap-default\">\n\t\t\t\t\t<div class=\"elementor-column elementor-col-100 elementor-top-column elementor-element elementor-element-c85b805\" data-id=\"c85b805\" data-element_type=\"column\" data-e-type=\"column\">\n\t\t\t<div class=\"elementor-widget-wrap elementor-element-populated\">\n\t\t\t\t\t\t<section class=\"elementor-section elementor-inner-section elementor-element elementor-element-f9ab956 elementor-section-full_width cnt-team team_section2 elementor-section-height-min-height elementor-section-height-default\" data-id=\"f9ab956\" data-element_type=\"section\" data-e-type=\"section\" id=\"cnt-team\">\n\t\t\t\t\t\t<div class=\"elementor-container elementor-column-gap-default\">\n\t\t\t\t\t<div class=\"elementor-column elementor-col-33 elementor-inner-column elementor-element elementor-element-76743c5 team_section2-item elementor-invisible\" data-id=\"76743c5\" data-element_type=\"column\" data-e-type=\"column\" data-settings=\"{&quot;animation&quot;:&quot;zoomIn&quot;,&quot;background_background&quot;:&quot;classic&quot;,&quot;background_motion_fx_motion_fx_mouse&quot;:&quot;yes&quot;,&quot;background_motion_fx_mouseTrack_effect&quot;:&quot;yes&quot;,&quot;background_motion_fx_mouseTrack_direction&quot;:&quot;negative&quot;,&quot;background_motion_fx_mouseTrack_speed&quot;:{&quot;unit&quot;:&quot;px&quot;,&quot;size&quot;:1,&quot;sizes&quot;:[]}}\">\n\t\t\t<div class=\"elementor-widget-wrap elementor-element-populated\">\n\t\t\t\t\t\t<div class=\"elementor-element elementor-element-b9033dd titleTeam elementor-widget elementor-widget-text-editor\" data-id=\"b9033dd\" data-element_type=\"widget\" data-e-type=\"widget\" data-widget_type=\"text-editor.default\">\n\t\t\t\t<div class=\"elementor-widget-container\">\n\t\t\t\t\t\t\t\t\t<p class=\"translation-block\">MEMBRES <b>DU CONSEIL<\/b> D'ADMINISTRATION<\/p>\t\t\t\t\t\t\t\t<\/div>\n\t\t\t\t<\/div>\n\t\t\t\t<div class=\"elementor-element elementor-element-9b17e97 textConseil elementor-widget elementor-widget-text-editor\" data-id=\"9b17e97\" data-element_type=\"widget\" data-e-type=\"widget\" data-widget_type=\"text-editor.default\">\n\t\t\t\t<div class=\"elementor-widget-container\">\n\t\t\t\t\t\t\t\t\t<p>Notre conseil d\u2019administration est compos\u00e9 d\u2019un \u00e9ventail de dirigeants issus de multiples secteurs et aux exp\u00e9riences riches.<\/p><p><a class=\"button\" href=\"https:\/\/www.prudenceleasing.com\/fr\/board-members\/\">CLIQUEZ POUR RENCONTRER NOTRE \u00c9QUIPE<\/a><\/p>\t\t\t\t\t\t\t\t<\/div>\n\t\t\t\t<\/div>\n\t\t\t\t\t<\/div>\n\t\t<\/div>\n\t\t\t\t<div class=\"elementor-column elementor-col-33 elementor-inner-column elementor-element elementor-element-d994e1c team_section2-item elementor-invisible\" data-id=\"d994e1c\" data-element_type=\"column\" data-e-type=\"column\" data-settings=\"{&quot;animation&quot;:&quot;zoomIn&quot;,&quot;background_background&quot;:&quot;classic&quot;,&quot;background_motion_fx_motion_fx_mouse&quot;:&quot;yes&quot;,&quot;background_motion_fx_mouseTrack_effect&quot;:&quot;yes&quot;,&quot;background_motion_fx_mouseTrack_direction&quot;:&quot;negative&quot;,&quot;background_motion_fx_mouseTrack_speed&quot;:{&quot;unit&quot;:&quot;px&quot;,&quot;size&quot;:1,&quot;sizes&quot;:[]}}\">\n\t\t\t<div class=\"elementor-widget-wrap elementor-element-populated\">\n\t\t\t\t\t<div class=\"elementor-background-overlay\"><\/div>\n\t\t\t\t\t\t<div class=\"elementor-element elementor-element-d7369f7 titleTeam elementor-widget elementor-widget-text-editor\" data-id=\"d7369f7\" data-element_type=\"widget\" data-e-type=\"widget\" data-widget_type=\"text-editor.default\">\n\t\t\t\t<div class=\"elementor-widget-container\">\n\t\t\t\t\t\t\t\t\t<p class=\"translation-block\">NOTRE <b>\u00c9QUIPE<\/b> DE DIRECTION<\/p>\t\t\t\t\t\t\t\t<\/div>\n\t\t\t\t<\/div>\n\t\t\t\t<div class=\"elementor-element elementor-element-a14d4ce textConseil elementor-widget elementor-widget-text-editor\" data-id=\"a14d4ce\" data-element_type=\"widget\" data-e-type=\"widget\" data-widget_type=\"text-editor.default\">\n\t\t\t\t<div class=\"elementor-widget-container\">\n\t\t\t\t\t\t\t\t\t<p>Une \u00e9quipe professionnelles et exp\u00e9riment\u00e9e avec une vision commune pour vous offrir le meilleur service.<\/p>\n<p><a class=\"button\" href=\"https:\/\/www.prudenceleasing.com\/fr\/management-team\/\">CLIQUEZ POUR RENCONTRER NOTRE \u00c9QUIPE<\/a><\/p>\t\t\t\t\t\t\t\t<\/div>\n\t\t\t\t<\/div>\n\t\t\t\t\t<\/div>\n\t\t<\/div>\n\t\t\t\t<div class=\"elementor-column elementor-col-33 elementor-inner-column elementor-element elementor-element-01c0cad team_section2-item elementor-invisible\" data-id=\"01c0cad\" data-element_type=\"column\" data-e-type=\"column\" data-settings=\"{&quot;animation&quot;:&quot;zoomIn&quot;,&quot;background_background&quot;:&quot;classic&quot;,&quot;background_motion_fx_motion_fx_mouse&quot;:&quot;yes&quot;,&quot;background_motion_fx_mouseTrack_effect&quot;:&quot;yes&quot;,&quot;background_motion_fx_mouseTrack_speed&quot;:{&quot;unit&quot;:&quot;px&quot;,&quot;size&quot;:1,&quot;sizes&quot;:[]}}\">\n\t\t\t<div class=\"elementor-widget-wrap elementor-element-populated\">\n\t\t\t\t\t<div class=\"elementor-background-overlay\"><\/div>\n\t\t\t\t\t\t<div class=\"elementor-element elementor-element-88df958 titleTeam elementor-widget elementor-widget-text-editor\" data-id=\"88df958\" data-element_type=\"widget\" data-e-type=\"widget\" data-widget_type=\"text-editor.default\">\n\t\t\t\t<div class=\"elementor-widget-container translation-block\">NOTRE <b>\u00c9QUIPE DE<\/b> VENTES<\/div>\n\t\t\t\t<\/div>\n\t\t\t\t<div class=\"elementor-element elementor-element-52b25e2 textConseil elementor-widget elementor-widget-text-editor\" data-id=\"52b25e2\" data-element_type=\"widget\" data-e-type=\"widget\" data-widget_type=\"text-editor.default\">\n\t\t\t\t<div class=\"elementor-widget-container\">\n\t\t\t\t\t\t\t\t\t<p>Notre \u00e9quipe de vente qui accompagne nos clients et partenaires \u00e0 chaque \u00e9tape pour assurer une exp\u00e9rience unique.<\/p><p><a class=\"button\" href=\"https:\/\/www.prudenceleasing.com\/fr\/sales-team\/\">CLIQUEZ POUR RENCONTRER NOTRE \u00c9QUIPE<\/a><\/p>\t\t\t\t\t\t\t\t<\/div>\n\t\t\t\t<\/div>\n\t\t\t\t\t<\/div>\n\t\t<\/div>\n\t\t\t\t\t<\/div>\n\t\t<\/section>\n\t\t\t\t\t<\/div>\n\t\t<\/div>\n\t\t\t\t\t<\/div>\n\t\t<\/section>\n\t\t\t\t<\/div>","protected":false},"excerpt":{"rendered":"<p>OUR BOARD MEMBERS Our board is composed of a range of leaders from multiple sectors and with rich careers and experiences. Click to meet our team OUR MANAGEMENT TEAM A palette of professional and experience team thriving for the best service and with a unique vision. Click to meet our team OUR SALES TEAM Our [&hellip;]<\/p>","protected":false},"author":1,"featured_media":0,"parent":0,"menu_order":0,"comment_status":"closed","ping_status":"closed","template":"elementor_header_footer","meta":{"footnotes":""},"class_list":["post-54","page","type-page","status-publish","hentry"],"yoast_head":"<!-- This site is optimized with the Yoast SEO plugin v25.8 - https:\/\/yoast.com\/wordpress\/plugins\/seo\/ -->\n<title>Team - Prudence Leasing<\/title>\n<meta name=\"robots\" content=\"index, follow, max-snippet:-1, max-image-preview:large, max-video-preview:-1\" \/>\n<link rel=\"canonical\" href=\"https:\/\/www.prudenceleasing.com\/fr\/team\/\" \/>\n<meta property=\"og:locale\" content=\"fr_FR\" \/>\n<meta property=\"og:type\" content=\"article\" \/>\n<meta property=\"og:title\" content=\"Team - Prudence Leasing\" \/>\n<meta property=\"og:description\" content=\"OUR BOARD MEMBERS Our board is composed of a range of leaders from multiple sectors and with rich careers and experiences. Click to meet our team OUR MANAGEMENT TEAM A palette of professional and experience team thriving for the best service and with a unique vision. Click to meet our team OUR SALES TEAM Our [&hellip;]\" \/>\n<meta property=\"og:url\" content=\"https:\/\/www.prudenceleasing.com\/fr\/team\/\" \/>\n<meta property=\"og:site_name\" content=\"Prudence Leasing\" \/>\n<meta property=\"article:modified_time\" content=\"2026-04-08T02:59:00+00:00\" \/>\n<meta property=\"og:image\" content=\"https:\/\/www.prudenceleasing.com\/wp-content\/uploads\/2022\/06\/point.png\" \/>\n\t<meta property=\"og:image:width\" content=\"171\" \/>\n\t<meta property=\"og:image:height\" content=\"264\" \/>\n\t<meta property=\"og:image:type\" content=\"image\/png\" \/>\n<meta name=\"twitter:card\" content=\"summary_large_image\" \/>\n<meta name=\"twitter:label1\" content=\"Dur\u00e9e de lecture estim\u00e9e\" \/>\n\t<meta name=\"twitter:data1\" content=\"2 minutes\" \/>\n<script type=\"application\/ld+json\" class=\"yoast-schema-graph\">{\"@context\":\"https:\/\/schema.org\",\"@graph\":[{\"@type\":\"WebPage\",\"@id\":\"https:\/\/www.prudenceleasing.com\/team\/\",\"url\":\"https:\/\/www.prudenceleasing.com\/team\/\",\"name\":\"Team - Prudence Leasing\",\"isPartOf\":{\"@id\":\"https:\/\/www.prudenceleasing.com\/#website\"},\"primaryImageOfPage\":{\"@id\":\"https:\/\/www.prudenceleasing.com\/team\/#primaryimage\"},\"image\":{\"@id\":\"https:\/\/www.prudenceleasing.com\/team\/#primaryimage\"},\"thumbnailUrl\":\"https:\/\/www.prudenceleasing.com\/wp-content\/uploads\/2022\/06\/point.png\",\"datePublished\":\"2022-09-05T07:20:33+00:00\",\"dateModified\":\"2026-04-08T02:59:00+00:00\",\"breadcrumb\":{\"@id\":\"https:\/\/www.prudenceleasing.com\/team\/#breadcrumb\"},\"inLanguage\":\"fr-FR\",\"potentialAction\":[{\"@type\":\"ReadAction\",\"target\":[\"https:\/\/www.prudenceleasing.com\/team\/\"]}]},{\"@type\":\"ImageObject\",\"inLanguage\":\"fr-FR\",\"@id\":\"https:\/\/www.prudenceleasing.com\/team\/#primaryimage\",\"url\":\"https:\/\/www.prudenceleasing.com\/wp-content\/uploads\/2022\/06\/point.png\",\"contentUrl\":\"https:\/\/www.prudenceleasing.com\/wp-content\/uploads\/2022\/06\/point.png\"},{\"@type\":\"BreadcrumbList\",\"@id\":\"https:\/\/www.prudenceleasing.com\/team\/#breadcrumb\",\"itemListElement\":[{\"@type\":\"ListItem\",\"position\":1,\"name\":\"Home\",\"item\":\"https:\/\/www.prudenceleasing.com\/\"},{\"@type\":\"ListItem\",\"position\":2,\"name\":\"Team\"}]},{\"@type\":\"WebSite\",\"@id\":\"https:\/\/www.prudenceleasing.com\/#website\",\"url\":\"https:\/\/www.prudenceleasing.com\/\",\"name\":\"Prudence Leasing\",\"description\":\"La Prudence Leasing vous propose une solution de location mensuelle, autrement connue comme un Operating Lease!\",\"publisher\":{\"@id\":\"https:\/\/www.prudenceleasing.com\/#organization\"},\"potentialAction\":[{\"@type\":\"SearchAction\",\"target\":{\"@type\":\"EntryPoint\",\"urlTemplate\":\"https:\/\/www.prudenceleasing.com\/?s={search_term_string}\"},\"query-input\":{\"@type\":\"PropertyValueSpecification\",\"valueRequired\":true,\"valueName\":\"search_term_string\"}}],\"inLanguage\":\"fr-FR\"},{\"@type\":\"Organization\",\"@id\":\"https:\/\/www.prudenceleasing.com\/#organization\",\"name\":\"Prudence Leasing\",\"url\":\"https:\/\/www.prudenceleasing.com\/\",\"logo\":{\"@type\":\"ImageObject\",\"inLanguage\":\"fr-FR\",\"@id\":\"https:\/\/www.prudenceleasing.com\/#\/schema\/logo\/image\/\",\"url\":\"https:\/\/www.prudenceleasing.com\/wp-content\/uploads\/2022\/09\/cropped-cropped-LPL-Logo-FINAL.png\",\"contentUrl\":\"https:\/\/www.prudenceleasing.com\/wp-content\/uploads\/2022\/09\/cropped-cropped-LPL-Logo-FINAL.png\",\"width\":1667,\"height\":1180,\"caption\":\"Prudence Leasing\"},\"image\":{\"@id\":\"https:\/\/www.prudenceleasing.com\/#\/schema\/logo\/image\/\"}}]}<\/script>\n<!-- \/ Yoast SEO plugin. -->","yoast_head_json":{"title":"Team - Prudence Leasing","robots":{"index":"index","follow":"follow","max-snippet":"max-snippet:-1","max-image-preview":"max-image-preview:large","max-video-preview":"max-video-preview:-1"},"canonical":"https:\/\/www.prudenceleasing.com\/fr\/team\/","og_locale":"fr_FR","og_type":"article","og_title":"Team - Prudence Leasing","og_description":"OUR BOARD MEMBERS Our board is composed of a range of leaders from multiple sectors and with rich careers and experiences. Click to meet our team OUR MANAGEMENT TEAM A palette of professional and experience team thriving for the best service and with a unique vision. Click to meet our team OUR SALES TEAM Our [&hellip;]","og_url":"https:\/\/www.prudenceleasing.com\/fr\/team\/","og_site_name":"Prudence Leasing","article_modified_time":"2026-04-08T02:59:00+00:00","og_image":[{"width":171,"height":264,"url":"https:\/\/www.prudenceleasing.com\/wp-content\/uploads\/2022\/06\/point.png","type":"image\/png"}],"twitter_card":"summary_large_image","twitter_misc":{"Dur\u00e9e de lecture estim\u00e9e":"2 minutes"},"schema":{"@context":"https:\/\/schema.org","@graph":[{"@type":"WebPage","@id":"https:\/\/www.prudenceleasing.com\/team\/","url":"https:\/\/www.prudenceleasing.com\/team\/","name":"Team - Prudence Leasing","isPartOf":{"@id":"https:\/\/www.prudenceleasing.com\/#website"},"primaryImageOfPage":{"@id":"https:\/\/www.prudenceleasing.com\/team\/#primaryimage"},"image":{"@id":"https:\/\/www.prudenceleasing.com\/team\/#primaryimage"},"thumbnailUrl":"https:\/\/www.prudenceleasing.com\/wp-content\/uploads\/2022\/06\/point.png","datePublished":"2022-09-05T07:20:33+00:00","dateModified":"2026-04-08T02:59:00+00:00","breadcrumb":{"@id":"https:\/\/www.prudenceleasing.com\/team\/#breadcrumb"},"inLanguage":"fr-FR","potentialAction":[{"@type":"ReadAction","target":["https:\/\/www.prudenceleasing.com\/team\/"]}]},{"@type":"ImageObject","inLanguage":"fr-FR","@id":"https:\/\/www.prudenceleasing.com\/team\/#primaryimage","url":"https:\/\/www.prudenceleasing.com\/wp-content\/uploads\/2022\/06\/point.png","contentUrl":"https:\/\/www.prudenceleasing.com\/wp-content\/uploads\/2022\/06\/point.png"},{"@type":"BreadcrumbList","@id":"https:\/\/www.prudenceleasing.com\/team\/#breadcrumb","itemListElement":[{"@type":"ListItem","position":1,"name":"Home","item":"https:\/\/www.prudenceleasing.com\/"},{"@type":"ListItem","position":2,"name":"Team"}]},{"@type":"WebSite","@id":"https:\/\/www.prudenceleasing.com\/#website","url":"https:\/\/www.prudenceleasing.com\/","name":"Prudence Leasing","description":"La Prudence Leasing vous propose une solution de location mensuelle, autrement connue comme un Operating Lease!","publisher":{"@id":"https:\/\/www.prudenceleasing.com\/#organization"},"potentialAction":[{"@type":"SearchAction","target":{"@type":"EntryPoint","urlTemplate":"https:\/\/www.prudenceleasing.com\/?s={search_term_string}"},"query-input":{"@type":"PropertyValueSpecification","valueRequired":true,"valueName":"search_term_string"}}],"inLanguage":"fr-FR"},{"@type":"Organization","@id":"https:\/\/www.prudenceleasing.com\/#organization","name":"Prudence Leasing","url":"https:\/\/www.prudenceleasing.com\/","logo":{"@type":"ImageObject","inLanguage":"fr-FR","@id":"https:\/\/www.prudenceleasing.com\/#\/schema\/logo\/image\/","url":"https:\/\/www.prudenceleasing.com\/wp-content\/uploads\/2022\/09\/cropped-cropped-LPL-Logo-FINAL.png","contentUrl":"https:\/\/www.prudenceleasing.com\/wp-content\/uploads\/2022\/09\/cropped-cropped-LPL-Logo-FINAL.png","width":1667,"height":1180,"caption":"Prudence Leasing"},"image":{"@id":"https:\/\/www.prudenceleasing.com\/#\/schema\/logo\/image\/"}}]}},"_links":{"self":[{"href":"https:\/\/www.prudenceleasing.com\/fr\/wp-json\/wp\/v2\/pages\/54","targetHints":{"allow":["GET"]}}],"collection":[{"href":"https:\/\/www.prudenceleasing.com\/fr\/wp-json\/wp\/v2\/pages"}],"about":[{"href":"https:\/\/www.prudenceleasing.com\/fr\/wp-json\/wp\/v2\/types\/page"}],"author":[{"embeddable":true,"href":"https:\/\/www.prudenceleasing.com\/fr\/wp-json\/wp\/v2\/users\/1"}],"replies":[{"embeddable":true,"href":"https:\/\/www.prudenceleasing.com\/fr\/wp-json\/wp\/v2\/comments?post=54"}],"version-history":[{"count":334,"href":"https:\/\/www.prudenceleasing.com\/fr\/wp-json\/wp\/v2\/pages\/54\/revisions"}],"predecessor-version":[{"id":8988,"href":"https:\/\/www.prudenceleasing.com\/fr\/wp-json\/wp\/v2\/pages\/54\/revisions\/8988"}],"wp:attachment":[{"href":"https:\/\/www.prudenceleasing.com\/fr\/wp-json\/wp\/v2\/media?parent=54"}],"curies":[{"name":"wp","href":"https:\/\/api.w.org\/{rel}","templated":true}]}}