{"id":5547,"date":"2022-08-18T10:15:03","date_gmt":"2022-08-18T10:15:03","guid":{"rendered":"https:\/\/www.prudenceleasing.com\/?page_id=5547"},"modified":"2023-09-26T10:49:02","modified_gmt":"2023-09-26T06:49:02","slug":"request-form","status":"publish","type":"page","link":"https:\/\/www.prudenceleasing.com\/fr\/request-form\/","title":{"rendered":"Request Form"},"content":{"rendered":"<div data-elementor-type=\"wp-page\" data-elementor-id=\"5547\" class=\"elementor elementor-5547\" data-elementor-post-type=\"page\">\n\t\t\t\t\t\t<section class=\"elementor-section elementor-top-section elementor-element elementor-element-ccab627 elementor-section-height-min-height calculator  elementor-section-boxed elementor-section-height-default elementor-section-items-middle\" data-id=\"ccab627\" data-element_type=\"section\" data-e-type=\"section\" data-settings=\"{&quot;background_background&quot;:&quot;classic&quot;}\" residual-purcentage=\"1\">\n\t\t\t\t\t\t<div class=\"elementor-container elementor-column-gap-default\">\n\t\t\t\t\t<div class=\"elementor-column elementor-col-33 elementor-top-column elementor-element elementor-element-39c4ebf title\" data-id=\"39c4ebf\" data-element_type=\"column\" data-e-type=\"column\">\n\t\t\t<div class=\"elementor-widget-wrap elementor-element-populated\">\n\t\t\t\t\t\t<div class=\"elementor-element elementor-element-26663ba lease elementor-widget elementor-widget-heading\" data-id=\"26663ba\" data-element_type=\"widget\" data-e-type=\"widget\" data-widget_type=\"heading.default\">\n\t\t\t\t<div class=\"elementor-widget-container\">\n\t\t\t\t\t<h2 class=\"elementor-heading-title elementor-size-default\">FORMULAIRE DE<\/h2>\t\t\t\t<\/div>\n\t\t\t\t<\/div>\n\t\t\t\t<div class=\"elementor-element elementor-element-eb87b77 calcul elementor-widget elementor-widget-heading\" data-id=\"eb87b77\" data-element_type=\"widget\" data-e-type=\"widget\" data-widget_type=\"heading.default\">\n\t\t\t\t<div class=\"elementor-widget-container\">\n\t\t\t\t\t<h2 class=\"elementor-heading-title elementor-size-default\">DEMANDE<\/h2>\t\t\t\t<\/div>\n\t\t\t\t<\/div>\n\t\t\t\t\t<\/div>\n\t\t<\/div>\n\t\t\t\t<div class=\"elementor-column elementor-col-66 elementor-top-column elementor-element elementor-element-169b0ba calculator_content\" data-id=\"169b0ba\" data-element_type=\"column\" data-e-type=\"column\">\n\t\t\t<div class=\"elementor-widget-wrap elementor-element-populated\">\n\t\t\t\t\t\t<div class=\"elementor-element elementor-element-e0f4c7d elementor-button-align-end elementor-widget elementor-widget-form\" data-id=\"e0f4c7d\" data-element_type=\"widget\" data-e-type=\"widget\" data-settings=\"{&quot;step_next_label&quot;:&quot;Next&quot;,&quot;step_previous_label&quot;:&quot;Previous&quot;,&quot;step_type&quot;:&quot;number_text&quot;,&quot;step_icon_shape&quot;:&quot;circle&quot;}\" data-widget_type=\"form.default\">\n\t\t\t\t<div class=\"elementor-widget-container\">\n\t\t\t\t\t\t\t<form class=\"elementor-form\" method=\"post\" name=\"Request Form\" aria-label=\"Request Form\" action=\"\">\n\t\t\t<input type=\"hidden\" name=\"post_id\" value=\"5547\"\/>\n\t\t\t<input type=\"hidden\" name=\"form_id\" value=\"e0f4c7d\"\/>\n\t\t\t<input type=\"hidden\" name=\"referer_title\" value=\"Prudence Leasing\" \/>\n\n\t\t\t\n\t\t\t<div class=\"elementor-form-fields-wrapper elementor-labels-above\">\n\t\t\t\t\t\t\t\t<div class=\"elementor-field-type-text elementor-field-group elementor-column elementor-field-group-title elementor-col-50 elementor-field-required elementor-mark-required\">\n\t\t\t\t\t\t\t\t\t\t\t\t<label for=\"form-field-title\" class=\"elementor-field-label\">\n\t\t\t\t\t\t\t\tTitre : \t\t\t\t\t\t\t<\/label>\n\t\t\t\t\t\t\t\t\t\t\t\t\t\t<input size=\"1\" type=\"text\" name=\"form_fields[title]\" id=\"form-field-title\" class=\"elementor-field elementor-size-xs  elementor-field-textual\" required=\"required\">\n\t\t\t\t\t\t\t\t\t\t\t<\/div>\n\t\t\t\t\t\t\t\t<div class=\"elementor-field-type-text elementor-field-group elementor-column elementor-field-group-employer elementor-col-50 elementor-field-required elementor-mark-required\">\n\t\t\t\t\t\t\t\t\t\t\t\t<label for=\"form-field-employer\" class=\"elementor-field-label\">\n\t\t\t\t\t\t\t\tEmployeur : \t\t\t\t\t\t\t<\/label>\n\t\t\t\t\t\t\t\t\t\t\t\t\t\t<input size=\"1\" type=\"text\" name=\"form_fields[employer]\" id=\"form-field-employer\" class=\"elementor-field elementor-size-xs  elementor-field-textual\" required=\"required\">\n\t\t\t\t\t\t\t\t\t\t\t<\/div>\n\t\t\t\t\t\t\t\t<div class=\"elementor-field-type-text elementor-field-group elementor-column elementor-field-group-firstName elementor-col-50 elementor-field-required elementor-mark-required\">\n\t\t\t\t\t\t\t\t\t\t\t\t<label for=\"form-field-firstName\" class=\"elementor-field-label\">\n\t\t\t\t\t\t\t\tPr\u00e9nom : \t\t\t\t\t\t\t<\/label>\n\t\t\t\t\t\t\t\t\t\t\t\t\t\t<input size=\"1\" type=\"text\" name=\"form_fields[firstName]\" id=\"form-field-firstName\" class=\"elementor-field elementor-size-xs  elementor-field-textual\" required=\"required\">\n\t\t\t\t\t\t\t\t\t\t\t<\/div>\n\t\t\t\t\t\t\t\t<div class=\"elementor-field-type-text elementor-field-group elementor-column elementor-field-group-field_70c05aa elementor-col-50 elementor-field-required elementor-mark-required\">\n\t\t\t\t\t\t\t\t\t\t\t\t<label for=\"form-field-field_70c05aa\" class=\"elementor-field-label\">\n\t\t\t\t\t\t\t\tPoste occup\u00e9 chez l'employeur : \t\t\t\t\t\t\t<\/label>\n\t\t\t\t\t\t\t\t\t\t\t\t\t\t<input size=\"1\" type=\"text\" name=\"form_fields[field_70c05aa]\" id=\"form-field-field_70c05aa\" class=\"elementor-field elementor-size-xs  elementor-field-textual\" required=\"required\">\n\t\t\t\t\t\t\t\t\t\t\t<\/div>\n\t\t\t\t\t\t\t\t<div class=\"elementor-field-type-text elementor-field-group elementor-column elementor-field-group-lastName elementor-col-50 elementor-field-required elementor-mark-required\">\n\t\t\t\t\t\t\t\t\t\t\t\t<label for=\"form-field-lastName\" class=\"elementor-field-label\">\n\t\t\t\t\t\t\t\tNom de famille : \t\t\t\t\t\t\t<\/label>\n\t\t\t\t\t\t\t\t\t\t\t\t\t\t<input size=\"1\" type=\"text\" name=\"form_fields[lastName]\" id=\"form-field-lastName\" class=\"elementor-field elementor-size-xs  elementor-field-textual\" required=\"required\">\n\t\t\t\t\t\t\t\t\t\t\t<\/div>\n\t\t\t\t\t\t\t\t<div class=\"elementor-field-type-number elementor-field-group elementor-column elementor-field-group-netMonthlyIncome elementor-col-50 elementor-field-required elementor-mark-required\">\n\t\t\t\t\t\t\t\t\t\t\t\t<label for=\"form-field-netMonthlyIncome\" class=\"elementor-field-label\">\n\t\t\t\t\t\t\t\tRevenu mensuel net : (RS)\t\t\t\t\t\t\t<\/label>\n\t\t\t\t\t\t\t\t\t<input type=\"number\" name=\"form_fields[netMonthlyIncome]\" id=\"form-field-netMonthlyIncome\" class=\"elementor-field elementor-size-xs  elementor-field-textual\" required=\"required\" min=\"\" max=\"\" >\n\t\t\t\t\t\t<\/div>\n\t\t\t\t\t\t\t\t<div class=\"elementor-field-type-text elementor-field-group elementor-column elementor-field-group-mobileNumber elementor-col-33 elementor-field-required elementor-mark-required\">\n\t\t\t\t\t\t\t\t\t\t\t\t<label for=\"form-field-mobileNumber\" class=\"elementor-field-label\">\n\t\t\t\t\t\t\t\tNum\u00e9ro de portable : \t\t\t\t\t\t\t<\/label>\n\t\t\t\t\t\t\t\t\t\t\t\t\t\t<input size=\"1\" type=\"text\" name=\"form_fields[mobileNumber]\" id=\"form-field-mobileNumber\" class=\"elementor-field elementor-size-xs  elementor-field-textual\" required=\"required\">\n\t\t\t\t\t\t\t\t\t\t\t<\/div>\n\t\t\t\t\t\t\t\t<div class=\"elementor-field-type-text elementor-field-group elementor-column elementor-field-group-homePhoneNumber elementor-col-33 elementor-field-required elementor-mark-required\">\n\t\t\t\t\t\t\t\t\t\t\t\t<label for=\"form-field-homePhoneNumber\" class=\"elementor-field-label\">\n\t\t\t\t\t\t\t\tNum\u00e9ro de t\u00e9l\u00e9phone r\u00e9sidentiel : \t\t\t\t\t\t\t<\/label>\n\t\t\t\t\t\t\t\t\t\t\t\t\t\t<input size=\"1\" type=\"text\" name=\"form_fields[homePhoneNumber]\" id=\"form-field-homePhoneNumber\" class=\"elementor-field elementor-size-xs  elementor-field-textual\" required=\"required\">\n\t\t\t\t\t\t\t\t\t\t\t<\/div>\n\t\t\t\t\t\t\t\t<div class=\"elementor-field-type-text elementor-field-group elementor-column elementor-field-group-whorkPhoneNumber elementor-col-33 elementor-field-required elementor-mark-required\">\n\t\t\t\t\t\t\t\t\t\t\t\t<label for=\"form-field-whorkPhoneNumber\" class=\"elementor-field-label\">\n\t\t\t\t\t\t\t\tNum\u00e9ro de t\u00e9l\u00e9phone professionnel : \t\t\t\t\t\t\t<\/label>\n\t\t\t\t\t\t\t\t\t\t\t\t\t\t<input size=\"1\" type=\"text\" name=\"form_fields[whorkPhoneNumber]\" id=\"form-field-whorkPhoneNumber\" class=\"elementor-field elementor-size-xs  elementor-field-textual\" required=\"required\">\n\t\t\t\t\t\t\t\t\t\t\t<\/div>\n\t\t\t\t\t\t\t\t<div class=\"elementor-field-type-select elementor-field-group elementor-column elementor-field-group-project elementor-col-50 elementor-field-required elementor-mark-required\">\n\t\t\t\t\t\t\t\t\t\t\t\t<label for=\"form-field-project\" class=\"elementor-field-label\">\n\t\t\t\t\t\t\t\tProjet : \t\t\t\t\t\t\t<\/label>\n\t\t\t\t\t\t\t\t<div class=\"elementor-field elementor-select-wrapper remove-before\">\n\t\t\t<div class=\"select-caret-down-wrapper\">\n\t\t\t\t<i aria-hidden=\"true\" class=\"eicon-caret-down\"><\/i>\t\t\t<\/div>\n\t\t\t<select name=\"form_fields[project]\" id=\"form-field-project\" class=\"elementor-field-textual elementor-size-xs\" required=\"required\">\n\t\t\t\t\t\t\t\t\t<option value=\"newCar\">Achat d'une voiture neuve<\/option>\n\t\t\t\t\t\t\t\t\t<option value=\"secondHandCar\">Acheter une voiture d'occasion<\/option>\n\t\t\t\t\t\t\t\t\t<option value=\"equipement\">Achat de mat\u00e9riel<\/option>\n\t\t\t\t\t\t\t<\/select>\n\t\t<\/div>\n\t\t\t\t\t\t<\/div>\n\t\t\t\t\t\t\t\t<div class=\"elementor-field-type-number elementor-field-group elementor-column elementor-field-group-totalaMonthlyFixedExpenses elementor-col-50 elementor-field-required elementor-mark-required\">\n\t\t\t\t\t\t\t\t\t\t\t\t<label for=\"form-field-totalaMonthlyFixedExpenses\" class=\"elementor-field-label\">\n\t\t\t\t\t\t\t\tD\u00e9penses fixes mensuelles totales : (RS)\t\t\t\t\t\t\t<\/label>\n\t\t\t\t\t\t\t\t\t<input type=\"number\" name=\"form_fields[totalaMonthlyFixedExpenses]\" id=\"form-field-totalaMonthlyFixedExpenses\" class=\"elementor-field elementor-size-xs  elementor-field-textual\" required=\"required\" min=\"\" max=\"\" >\n\t\t\t\t\t\t<\/div>\n\t\t\t\t\t\t\t\t<div class=\"elementor-field-type-text elementor-field-group elementor-column elementor-field-group-make elementor-col-50 elementor-field-required elementor-mark-required\">\n\t\t\t\t\t\t\t\t\t\t\t\t<label for=\"form-field-make\" class=\"elementor-field-label\">\n\t\t\t\t\t\t\t\tMarque :\t\t\t\t\t\t\t<\/label>\n\t\t\t\t\t\t\t\t\t\t\t\t\t\t<input size=\"1\" type=\"text\" name=\"form_fields[make]\" id=\"form-field-make\" class=\"elementor-field elementor-size-xs  elementor-field-textual\" required=\"required\">\n\t\t\t\t\t\t\t\t\t\t\t<\/div>\n\t\t\t\t\t\t\t\t<div class=\"elementor-field-type-email elementor-field-group elementor-column elementor-field-group-email elementor-col-50 elementor-field-required elementor-mark-required\">\n\t\t\t\t\t\t\t\t\t\t\t\t<label for=\"form-field-email\" class=\"elementor-field-label\">\n\t\t\t\t\t\t\t\tEmail:\t\t\t\t\t\t\t<\/label>\n\t\t\t\t\t\t\t\t\t\t\t\t\t\t<input size=\"1\" type=\"email\" name=\"form_fields[email]\" id=\"form-field-email\" class=\"elementor-field elementor-size-xs  elementor-field-textual\" required=\"required\">\n\t\t\t\t\t\t\t\t\t\t\t<\/div>\n\t\t\t\t\t\t\t\t<div class=\"elementor-field-type-text elementor-field-group elementor-column elementor-field-group-model elementor-col-50 elementor-field-required elementor-mark-required\">\n\t\t\t\t\t\t\t\t\t\t\t\t<label for=\"form-field-model\" class=\"elementor-field-label\">\n\t\t\t\t\t\t\t\tMod\u00e8le :\t\t\t\t\t\t\t<\/label>\n\t\t\t\t\t\t\t\t\t\t\t\t\t\t<input size=\"1\" type=\"text\" name=\"form_fields[model]\" id=\"form-field-model\" class=\"elementor-field elementor-size-xs  elementor-field-textual\" required=\"required\">\n\t\t\t\t\t\t\t\t\t\t\t<\/div>\n\t\t\t\t\t\t\t\t<div class=\"elementor-field-type-date elementor-field-group elementor-column elementor-field-group-dateOfBirth elementor-col-50 elementor-field-required elementor-mark-required\">\n\t\t\t\t\t\t\t\t\t\t\t\t<label for=\"form-field-dateOfBirth\" class=\"elementor-field-label\">\n\t\t\t\t\t\t\t\tDate de naissance :\t\t\t\t\t\t\t<\/label>\n\t\t\t\t\t\t\n\t\t<input type=\"date\" name=\"form_fields[dateOfBirth]\" id=\"form-field-dateOfBirth\" class=\"elementor-field elementor-size-xs  elementor-field-textual elementor-date-field elementor-use-native\" required=\"required\" pattern=\"[0-9]{4}-[0-9]{2}-[0-9]{2}\">\n\t\t\t\t\t\t<\/div>\n\t\t\t\t\t\t\t\t<div class=\"elementor-field-type-text elementor-field-group elementor-column elementor-field-group-engineCapacity elementor-col-50 elementor-field-required elementor-mark-required\">\n\t\t\t\t\t\t\t\t\t\t\t\t<label for=\"form-field-engineCapacity\" class=\"elementor-field-label\">\n\t\t\t\t\t\t\t\tCapacit\u00e9 moteur :\t\t\t\t\t\t\t<\/label>\n\t\t\t\t\t\t\t\t\t\t\t\t\t\t<input size=\"1\" type=\"text\" name=\"form_fields[engineCapacity]\" id=\"form-field-engineCapacity\" class=\"elementor-field elementor-size-xs  elementor-field-textual\" required=\"required\">\n\t\t\t\t\t\t\t\t\t\t\t<\/div>\n\t\t\t\t\t\t\t\t<div class=\"elementor-field-type-radio elementor-field-group elementor-column elementor-field-group-field_4d22b13 elementor-col-50 elementor-field-required elementor-mark-required\">\n\t\t\t\t\t\t\t\t\t\t\t\t<label for=\"form-field-field_4d22b13\" class=\"elementor-field-label\">\n\t\t\t\t\t\t\t\t\u00c9tat civil :\t\t\t\t\t\t\t<\/label>\n\t\t\t\t\t\t<div class=\"elementor-field-subgroup  elementor-subgroup-inline\"><span class=\"elementor-field-option\"><input type=\"radio\" value=\"married\" id=\"form-field-field_4d22b13-0\" name=\"form_fields[field_4d22b13]\" required=\"required\"> <label for=\"form-field-field_4d22b13-0\">Mari\u00e9<\/label><\/span><span class=\"elementor-field-option\"><input type=\"radio\" value=\"single\" id=\"form-field-field_4d22b13-1\" name=\"form_fields[field_4d22b13]\" required=\"required\"> <label for=\"form-field-field_4d22b13-1\">C\u00e9libataire<\/label><\/span><span class=\"elementor-field-option\"><input type=\"radio\" value=\"divorced\" id=\"form-field-field_4d22b13-2\" name=\"form_fields[field_4d22b13]\" required=\"required\"> <label for=\"form-field-field_4d22b13-2\">Divorc\u00e9<\/label><\/span><\/div>\t\t\t\t<\/div>\n\t\t\t\t\t\t\t\t<div class=\"elementor-field-type-text elementor-field-group elementor-column elementor-field-group-vehicleRegistrationYear elementor-col-50 elementor-field-required elementor-mark-required\">\n\t\t\t\t\t\t\t\t\t\t\t\t<label for=\"form-field-vehicleRegistrationYear\" class=\"elementor-field-label\">\n\t\t\t\t\t\t\t\tAnn\u00e9e d'immatriculation du v\u00e9hicule :\t\t\t\t\t\t\t<\/label>\n\t\t\t\t\t\t\t\t\t\t\t\t\t\t<input size=\"1\" type=\"text\" name=\"form_fields[vehicleRegistrationYear]\" id=\"form-field-vehicleRegistrationYear\" class=\"elementor-field elementor-size-xs  elementor-field-textual\" required=\"required\">\n\t\t\t\t\t\t\t\t\t\t\t<\/div>\n\t\t\t\t\t\t\t\t<div class=\"elementor-field-type-number elementor-field-group elementor-column elementor-field-group-numberOfDependants elementor-col-25 elementor-field-required elementor-mark-required\">\n\t\t\t\t\t\t\t\t\t\t\t\t<label for=\"form-field-numberOfDependants\" class=\"elementor-field-label\">\n\t\t\t\t\t\t\t\tNombre de d\u00e9pendants :\t\t\t\t\t\t\t<\/label>\n\t\t\t\t\t\t\t\t\t<input type=\"number\" name=\"form_fields[numberOfDependants]\" id=\"form-field-numberOfDependants\" class=\"elementor-field elementor-size-xs  elementor-field-textual\" required=\"required\" min=\"0\" max=\"\" >\n\t\t\t\t\t\t<\/div>\n\t\t\t\t\t\t\t\t<div class=\"elementor-field-type-number elementor-field-group elementor-column elementor-field-group-vehiclePrice elementor-col-25 elementor-field-required elementor-mark-required\">\n\t\t\t\t\t\t\t\t\t\t\t\t<label for=\"form-field-vehiclePrice\" class=\"elementor-field-label\">\n\t\t\t\t\t\t\t\tPrix \u200b\u200bdu v\u00e9hicule : (RS)\t\t\t\t\t\t\t<\/label>\n\t\t\t\t\t\t\t\t\t<input type=\"number\" name=\"form_fields[vehiclePrice]\" id=\"form-field-vehiclePrice\" class=\"elementor-field elementor-size-xs  elementor-field-textual\" required=\"required\" min=\"0\" max=\"\" >\n\t\t\t\t\t\t<\/div>\n\t\t\t\t\t\t\t\t<div class=\"elementor-field-type-number elementor-field-group elementor-column elementor-field-group-deposite elementor-col-50 elementor-field-required elementor-mark-required\">\n\t\t\t\t\t\t\t\t\t\t\t\t<label for=\"form-field-deposite\" class=\"elementor-field-label\">\n\t\t\t\t\t\t\t\tCaution : (RS)\t\t\t\t\t\t\t<\/label>\n\t\t\t\t\t\t\t\t\t<input type=\"number\" name=\"form_fields[deposite]\" id=\"form-field-deposite\" class=\"elementor-field elementor-size-xs  elementor-field-textual\" required=\"required\" min=\"\" max=\"\" >\n\t\t\t\t\t\t<\/div>\n\t\t\t\t\t\t\t\t<div class=\"elementor-field-type-text elementor-field-group elementor-column elementor-field-group-leaseDuration elementor-col-50 elementor-field-required elementor-mark-required\">\n\t\t\t\t\t\t\t\t\t\t\t\t<label for=\"form-field-leaseDuration\" class=\"elementor-field-label\">\n\t\t\t\t\t\t\t\tDur\u00e9e du bail : \t\t\t\t\t\t\t<\/label>\n\t\t\t\t\t\t\t\t\t\t\t\t\t\t<input size=\"1\" type=\"text\" name=\"form_fields[leaseDuration]\" id=\"form-field-leaseDuration\" class=\"elementor-field elementor-size-xs  elementor-field-textual\" required=\"required\">\n\t\t\t\t\t\t\t\t\t\t\t<\/div>\n\t\t\t\t\t\t\t\t<div class=\"elementor-field-group elementor-column elementor-field-type-submit elementor-col-100 e-form__buttons\">\n\t\t\t\t\t<button class=\"elementor-button elementor-size-md\" type=\"submit\">\n\t\t\t\t\t\t<span class=\"elementor-button-content-wrapper\">\n\t\t\t\t\t\t\t\t\t\t\t\t\t\t\t<span class=\"elementor-button-icon\">\n\t\t\t\t\t\t\t\t\t<i aria-hidden=\"true\" class=\"icon icon-email\"><\/i>\t\t\t\t\t\t\t\t\t\t\t\t\t\t\t\t\t<\/span>\n\t\t\t\t\t\t\t\t\t\t\t\t\t\t\t\t\t\t\t\t\t\t<span class=\"elementor-button-text\">ENVOYER<\/span>\n\t\t\t\t\t\t\t\t\t\t\t\t\t<\/span>\n\t\t\t\t\t<\/button>\n\t\t\t\t<\/div>\n\t\t\t<\/div>\n\t\t<input type=\"hidden\" name=\"trp-form-language\" value=\"fr\"\/><\/form>\n\t\t\t\t\t\t<\/div>\n\t\t\t\t<\/div>\n\t\t\t\t\t<\/div>\n\t\t<\/div>\n\t\t\t\t\t<\/div>\n\t\t<\/section>\n\t\t\t\t<\/div>","protected":false},"excerpt":{"rendered":"<p>DEVIS<\/p>","protected":false},"author":1,"featured_media":0,"parent":0,"menu_order":0,"comment_status":"closed","ping_status":"closed","template":"elementor_header_footer","meta":{"footnotes":""},"class_list":["post-5547","page","type-page","status-publish","hentry"],"yoast_head":"<!-- This site is optimized with the Yoast SEO plugin v25.8 - https:\/\/yoast.com\/wordpress\/plugins\/seo\/ -->\n<title>Request Form - Prudence Leasing<\/title>\n<meta name=\"robots\" content=\"index, follow, max-snippet:-1, max-image-preview:large, max-video-preview:-1\" \/>\n<link rel=\"canonical\" href=\"https:\/\/www.prudenceleasing.com\/fr\/request-form\/\" \/>\n<meta property=\"og:locale\" content=\"fr_FR\" \/>\n<meta property=\"og:type\" content=\"article\" \/>\n<meta property=\"og:title\" content=\"Request Form - Prudence Leasing\" \/>\n<meta property=\"og:description\" content=\"REQUEST FORM\" \/>\n<meta property=\"og:url\" content=\"https:\/\/www.prudenceleasing.com\/fr\/request-form\/\" \/>\n<meta property=\"og:site_name\" content=\"Prudence Leasing\" \/>\n<meta property=\"article:modified_time\" content=\"2023-09-26T06:49:02+00:00\" \/>\n<meta name=\"twitter:card\" content=\"summary_large_image\" \/>\n<meta name=\"twitter:label1\" content=\"Dur\u00e9e de lecture estim\u00e9e\" \/>\n\t<meta name=\"twitter:data1\" content=\"1 minute\" \/>\n<script type=\"application\/ld+json\" class=\"yoast-schema-graph\">{\"@context\":\"https:\/\/schema.org\",\"@graph\":[{\"@type\":\"WebPage\",\"@id\":\"https:\/\/www.prudenceleasing.com\/request-form\/\",\"url\":\"https:\/\/www.prudenceleasing.com\/request-form\/\",\"name\":\"Request Form - Prudence Leasing\",\"isPartOf\":{\"@id\":\"https:\/\/www.prudenceleasing.com\/#website\"},\"datePublished\":\"2022-08-18T10:15:03+00:00\",\"dateModified\":\"2023-09-26T06:49:02+00:00\",\"breadcrumb\":{\"@id\":\"https:\/\/www.prudenceleasing.com\/request-form\/#breadcrumb\"},\"inLanguage\":\"fr-FR\",\"potentialAction\":[{\"@type\":\"ReadAction\",\"target\":[\"https:\/\/www.prudenceleasing.com\/request-form\/\"]}]},{\"@type\":\"BreadcrumbList\",\"@id\":\"https:\/\/www.prudenceleasing.com\/request-form\/#breadcrumb\",\"itemListElement\":[{\"@type\":\"ListItem\",\"position\":1,\"name\":\"Home\",\"item\":\"https:\/\/www.prudenceleasing.com\/\"},{\"@type\":\"ListItem\",\"position\":2,\"name\":\"Request Form\"}]},{\"@type\":\"WebSite\",\"@id\":\"https:\/\/www.prudenceleasing.com\/#website\",\"url\":\"https:\/\/www.prudenceleasing.com\/\",\"name\":\"Prudence Leasing\",\"description\":\"La Prudence Leasing vous propose une solution de location mensuelle, autrement connue comme un Operating Lease!\",\"publisher\":{\"@id\":\"https:\/\/www.prudenceleasing.com\/#organization\"},\"potentialAction\":[{\"@type\":\"SearchAction\",\"target\":{\"@type\":\"EntryPoint\",\"urlTemplate\":\"https:\/\/www.prudenceleasing.com\/?s={search_term_string}\"},\"query-input\":{\"@type\":\"PropertyValueSpecification\",\"valueRequired\":true,\"valueName\":\"search_term_string\"}}],\"inLanguage\":\"fr-FR\"},{\"@type\":\"Organization\",\"@id\":\"https:\/\/www.prudenceleasing.com\/#organization\",\"name\":\"Prudence Leasing\",\"url\":\"https:\/\/www.prudenceleasing.com\/\",\"logo\":{\"@type\":\"ImageObject\",\"inLanguage\":\"fr-FR\",\"@id\":\"https:\/\/www.prudenceleasing.com\/#\/schema\/logo\/image\/\",\"url\":\"https:\/\/www.prudenceleasing.com\/wp-content\/uploads\/2022\/09\/cropped-cropped-LPL-Logo-FINAL.png\",\"contentUrl\":\"https:\/\/www.prudenceleasing.com\/wp-content\/uploads\/2022\/09\/cropped-cropped-LPL-Logo-FINAL.png\",\"width\":1667,\"height\":1180,\"caption\":\"Prudence Leasing\"},\"image\":{\"@id\":\"https:\/\/www.prudenceleasing.com\/#\/schema\/logo\/image\/\"}}]}<\/script>\n<!-- \/ Yoast SEO plugin. -->","yoast_head_json":{"title":"Request Form - Prudence Leasing","robots":{"index":"index","follow":"follow","max-snippet":"max-snippet:-1","max-image-preview":"max-image-preview:large","max-video-preview":"max-video-preview:-1"},"canonical":"https:\/\/www.prudenceleasing.com\/fr\/request-form\/","og_locale":"fr_FR","og_type":"article","og_title":"Request Form - Prudence Leasing","og_description":"REQUEST FORM","og_url":"https:\/\/www.prudenceleasing.com\/fr\/request-form\/","og_site_name":"Prudence Leasing","article_modified_time":"2023-09-26T06:49:02+00:00","twitter_card":"summary_large_image","twitter_misc":{"Dur\u00e9e de lecture estim\u00e9e":"1 minute"},"schema":{"@context":"https:\/\/schema.org","@graph":[{"@type":"WebPage","@id":"https:\/\/www.prudenceleasing.com\/request-form\/","url":"https:\/\/www.prudenceleasing.com\/request-form\/","name":"Request Form - Prudence Leasing","isPartOf":{"@id":"https:\/\/www.prudenceleasing.com\/#website"},"datePublished":"2022-08-18T10:15:03+00:00","dateModified":"2023-09-26T06:49:02+00:00","breadcrumb":{"@id":"https:\/\/www.prudenceleasing.com\/request-form\/#breadcrumb"},"inLanguage":"fr-FR","potentialAction":[{"@type":"ReadAction","target":["https:\/\/www.prudenceleasing.com\/request-form\/"]}]},{"@type":"BreadcrumbList","@id":"https:\/\/www.prudenceleasing.com\/request-form\/#breadcrumb","itemListElement":[{"@type":"ListItem","position":1,"name":"Home","item":"https:\/\/www.prudenceleasing.com\/"},{"@type":"ListItem","position":2,"name":"Request Form"}]},{"@type":"WebSite","@id":"https:\/\/www.prudenceleasing.com\/#website","url":"https:\/\/www.prudenceleasing.com\/","name":"Prudence Leasing","description":"La Prudence Leasing vous propose une solution de location mensuelle, autrement connue comme un Operating Lease!","publisher":{"@id":"https:\/\/www.prudenceleasing.com\/#organization"},"potentialAction":[{"@type":"SearchAction","target":{"@type":"EntryPoint","urlTemplate":"https:\/\/www.prudenceleasing.com\/?s={search_term_string}"},"query-input":{"@type":"PropertyValueSpecification","valueRequired":true,"valueName":"search_term_string"}}],"inLanguage":"fr-FR"},{"@type":"Organization","@id":"https:\/\/www.prudenceleasing.com\/#organization","name":"Prudence Leasing","url":"https:\/\/www.prudenceleasing.com\/","logo":{"@type":"ImageObject","inLanguage":"fr-FR","@id":"https:\/\/www.prudenceleasing.com\/#\/schema\/logo\/image\/","url":"https:\/\/www.prudenceleasing.com\/wp-content\/uploads\/2022\/09\/cropped-cropped-LPL-Logo-FINAL.png","contentUrl":"https:\/\/www.prudenceleasing.com\/wp-content\/uploads\/2022\/09\/cropped-cropped-LPL-Logo-FINAL.png","width":1667,"height":1180,"caption":"Prudence Leasing"},"image":{"@id":"https:\/\/www.prudenceleasing.com\/#\/schema\/logo\/image\/"}}]}},"_links":{"self":[{"href":"https:\/\/www.prudenceleasing.com\/fr\/wp-json\/wp\/v2\/pages\/5547","targetHints":{"allow":["GET"]}}],"collection":[{"href":"https:\/\/www.prudenceleasing.com\/fr\/wp-json\/wp\/v2\/pages"}],"about":[{"href":"https:\/\/www.prudenceleasing.com\/fr\/wp-json\/wp\/v2\/types\/page"}],"author":[{"embeddable":true,"href":"https:\/\/www.prudenceleasing.com\/fr\/wp-json\/wp\/v2\/users\/1"}],"replies":[{"embeddable":true,"href":"https:\/\/www.prudenceleasing.com\/fr\/wp-json\/wp\/v2\/comments?post=5547"}],"version-history":[{"count":91,"href":"https:\/\/www.prudenceleasing.com\/fr\/wp-json\/wp\/v2\/pages\/5547\/revisions"}],"predecessor-version":[{"id":8309,"href":"https:\/\/www.prudenceleasing.com\/fr\/wp-json\/wp\/v2\/pages\/5547\/revisions\/8309"}],"wp:attachment":[{"href":"https:\/\/www.prudenceleasing.com\/fr\/wp-json\/wp\/v2\/media?parent=5547"}],"curies":[{"name":"wp","href":"https:\/\/api.w.org\/{rel}","templated":true}]}}